{"id":7900,"date":"2025-07-02T09:25:48","date_gmt":"2025-07-02T07:25:48","guid":{"rendered":"https:\/\/www.icaporteblindate.it\/cylindres\/"},"modified":"2025-07-02T09:26:10","modified_gmt":"2025-07-02T07:26:10","slug":"cylindres","status":"publish","type":"page","link":"https:\/\/www.icaporteblindate.it\/fr\/cylindres\/","title":{"rendered":"Cylindres"},"content":{"rendered":"<div class=\"fusion-fullwidth fullwidth-box fusion-builder-row-1 fusion-flex-container has-pattern-background has-mask-background nonhundred-percent-fullwidth non-hundred-percent-height-scrolling\" style=\"--awb-background-position:right center;--awb-border-radius-top-left:0px;--awb-border-radius-top-right:0px;--awb-border-radius-bottom-right:0px;--awb-border-radius-bottom-left:0px;--awb-margin-bottom:5%;--awb-background-color:var(--awb-custom_color_10);--awb-background-size:200px;--awb-flex-wrap:wrap;\" ><div class=\"fusion-builder-row fusion-row fusion-flex-align-items-flex-start fusion-flex-content-wrap\" style=\"max-width:1456px;margin-left: calc(-4% \/ 2 );margin-right: calc(-4% \/ 2 );\"><div class=\"fusion-layout-column fusion_builder_column fusion-builder-column-0 fusion_builder_column_1_1 1_1 fusion-flex-column\" style=\"--awb-bg-size:cover;--awb-width-large:100%;--awb-margin-top-large:0px;--awb-spacing-right-large:1.92%;--awb-margin-bottom-large:20px;--awb-spacing-left-large:1.92%;--awb-width-medium:100%;--awb-order-medium:0;--awb-spacing-right-medium:1.92%;--awb-spacing-left-medium:1.92%;--awb-width-small:100%;--awb-order-small:0;--awb-spacing-right-small:1.92%;--awb-spacing-left-small:1.92%;\" data-scroll-devices=\"small-visibility,medium-visibility,large-visibility\"><div class=\"fusion-column-wrapper fusion-column-has-shadow fusion-flex-justify-content-center fusion-content-layout-column\"><div class=\"fusion-text fusion-text-1 fusion-text-no-margin\" style=\"--awb-content-alignment:justify;--awb-text-color:var(--awb-color1);--awb-margin-bottom:5%;\"><p>Les cylindres de s\u00e9curit\u00e9 pour portes d&rsquo;ICA sont con\u00e7us pour une s\u00e9curit\u00e9 maximale gr\u00e2ce \u00e0 des technologies anti-bumping, anti-per\u00e7age et anti-piq\u00fbre. Fabriqu\u00e9s dans des mat\u00e9riaux durables, ils offrent une protection durable.  La protection du cylindre renforce encore la s\u00e9curit\u00e9 en emp\u00eachant les tentatives d&rsquo;effraction et de manipulation.<\/p>\n<\/div><div class=\"awb-gallery-wrapper awb-gallery-wrapper-1 button-span-no\" style=\"--more-btn-alignment:center;\"><div style=\"margin:-30px;--awb-bordersize:0px;--awb-caption-title-color:var(--awb-color1);--awb-caption-text-color:var(--awb-color1);--awb-caption-margin-top:5%;--awb-columns-small:50%;\" class=\"fusion-gallery fusion-gallery-container fusion-grid-4 fusion-columns-total-4 fusion-gallery-layout-grid fusion-gallery-1\"><div style=\"padding:30px;\" class=\"fusion-grid-column fusion-gallery-column fusion-gallery-column-4 hover-type-none awb-imageframe-style awb-imageframe-style-below awb-imageframe-style-1\"><div class=\"fusion-gallery-image\"><img decoding=\"async\" src=\"https:\/\/www.icaporteblindate.it\/wp-content\/uploads\/2025\/04\/cilindro-1.webp\" width=\"1464\" height=\"1090\" alt=\"\" title=\"cilindro 1\" aria-label=\"cilindro 1\" class=\"img-responsive wp-image-6392\" srcset=\"https:\/\/www.icaporteblindate.it\/wp-content\/uploads\/2025\/04\/cilindro-1-200x149.webp 200w, https:\/\/www.icaporteblindate.it\/wp-content\/uploads\/2025\/04\/cilindro-1-300x223.webp 300w, https:\/\/www.icaporteblindate.it\/wp-content\/uploads\/2025\/04\/cilindro-1-400x298.webp 400w, https:\/\/www.icaporteblindate.it\/wp-content\/uploads\/2025\/04\/cilindro-1-600x447.webp 600w, https:\/\/www.icaporteblindate.it\/wp-content\/uploads\/2025\/04\/cilindro-1-768x572.webp 768w, https:\/\/www.icaporteblindate.it\/wp-content\/uploads\/2025\/04\/cilindro-1-800x596.webp 800w, https:\/\/www.icaporteblindate.it\/wp-content\/uploads\/2025\/04\/cilindro-1-1024x762.webp 1024w, https:\/\/www.icaporteblindate.it\/wp-content\/uploads\/2025\/04\/cilindro-1-1200x893.webp 1200w, https:\/\/www.icaporteblindate.it\/wp-content\/uploads\/2025\/04\/cilindro-1.webp 1464w\" sizes=\"(min-width: 2200px) 100vw, (min-width: 856px) 328px, (min-width: 784px) 437px, (min-width: 712px) 655px, (min-width: 640px) 712px, \" \/><\/div><div class=\"awb-imageframe-caption-container\"><div class=\"awb-imageframe-caption\"><h4 class=\"awb-imageframe-caption-title\">Cylindre europ\u00e9en EVO K22(*) avec cl\u00e9 de site, n\u00b0 5 cl\u00e9s dans une enveloppe scell\u00e9e et carte de propri\u00e9t\u00e9 num\u00e9rot\u00e9e. Anti-choc, anti-crochetage, anti-per\u00e7age.  <\/h4><\/div><\/div><\/div><div style=\"padding:30px;\" class=\"fusion-grid-column fusion-gallery-column fusion-gallery-column-4 hover-type-none awb-imageframe-style awb-imageframe-style-below awb-imageframe-style-1\"><div class=\"fusion-gallery-image\"><img decoding=\"async\" src=\"https:\/\/www.icaporteblindate.it\/wp-content\/uploads\/2025\/04\/cilindro-2.webp\" width=\"1464\" height=\"1090\" alt=\"\" title=\"cilindro 2\" aria-label=\"cilindro 2\" class=\"img-responsive wp-image-6395\" srcset=\"https:\/\/www.icaporteblindate.it\/wp-content\/uploads\/2025\/04\/cilindro-2-200x149.webp 200w, https:\/\/www.icaporteblindate.it\/wp-content\/uploads\/2025\/04\/cilindro-2-300x223.webp 300w, https:\/\/www.icaporteblindate.it\/wp-content\/uploads\/2025\/04\/cilindro-2-400x298.webp 400w, https:\/\/www.icaporteblindate.it\/wp-content\/uploads\/2025\/04\/cilindro-2-600x447.webp 600w, https:\/\/www.icaporteblindate.it\/wp-content\/uploads\/2025\/04\/cilindro-2-768x572.webp 768w, https:\/\/www.icaporteblindate.it\/wp-content\/uploads\/2025\/04\/cilindro-2-800x596.webp 800w, https:\/\/www.icaporteblindate.it\/wp-content\/uploads\/2025\/04\/cilindro-2-1024x762.webp 1024w, https:\/\/www.icaporteblindate.it\/wp-content\/uploads\/2025\/04\/cilindro-2-1200x893.webp 1200w, https:\/\/www.icaporteblindate.it\/wp-content\/uploads\/2025\/04\/cilindro-2.webp 1464w\" sizes=\"(min-width: 2200px) 100vw, (min-width: 856px) 328px, (min-width: 784px) 437px, (min-width: 712px) 655px, (min-width: 640px) 712px, \" \/><\/div><div class=\"awb-imageframe-caption-container\"><div class=\"awb-imageframe-caption\"><h4 class=\"awb-imageframe-caption-title\">Cylindre europ\u00e9en EVO K64(*) avec cl\u00e9 de site n\u00b0 5 cl\u00e9s dans une enveloppe scell\u00e9e et une carte de propri\u00e9t\u00e9 pour une reproduction prot\u00e9g\u00e9e des cl\u00e9s. Anti-choc, anti-crochetage, anti-per\u00e7age.  <\/h4><\/div><\/div><\/div><div style=\"padding:30px;\" class=\"fusion-grid-column fusion-gallery-column fusion-gallery-column-4 hover-type-none awb-imageframe-style awb-imageframe-style-below awb-imageframe-style-1\"><div class=\"fusion-gallery-image\"><img decoding=\"async\" src=\"https:\/\/www.icaporteblindate.it\/wp-content\/uploads\/2025\/04\/cilindro-3.webp\" width=\"1464\" height=\"1090\" alt=\"\" title=\"cilindro 3\" aria-label=\"cilindro 3\" class=\"img-responsive wp-image-6398\" srcset=\"https:\/\/www.icaporteblindate.it\/wp-content\/uploads\/2025\/04\/cilindro-3-200x149.webp 200w, https:\/\/www.icaporteblindate.it\/wp-content\/uploads\/2025\/04\/cilindro-3-300x223.webp 300w, https:\/\/www.icaporteblindate.it\/wp-content\/uploads\/2025\/04\/cilindro-3-400x298.webp 400w, https:\/\/www.icaporteblindate.it\/wp-content\/uploads\/2025\/04\/cilindro-3-600x447.webp 600w, https:\/\/www.icaporteblindate.it\/wp-content\/uploads\/2025\/04\/cilindro-3-768x572.webp 768w, https:\/\/www.icaporteblindate.it\/wp-content\/uploads\/2025\/04\/cilindro-3-800x596.webp 800w, https:\/\/www.icaporteblindate.it\/wp-content\/uploads\/2025\/04\/cilindro-3-1024x762.webp 1024w, https:\/\/www.icaporteblindate.it\/wp-content\/uploads\/2025\/04\/cilindro-3-1200x893.webp 1200w, https:\/\/www.icaporteblindate.it\/wp-content\/uploads\/2025\/04\/cilindro-3.webp 1464w\" sizes=\"(min-width: 2200px) 100vw, (min-width: 856px) 328px, (min-width: 784px) 437px, (min-width: 712px) 655px, (min-width: 640px) 712px, \" \/><\/div><div class=\"awb-imageframe-caption-container\"><div class=\"awb-imageframe-caption\"><h4 class=\"awb-imageframe-caption-title\">Cylindre europ\u00e9en K5(*) avec cl\u00e9 de site n\u00b0 5 cl\u00e9s dans une enveloppe scell\u00e9e et une carte de propri\u00e9t\u00e9 pour une reproduction prot\u00e9g\u00e9e des cl\u00e9s. Anti-choc, anti-per\u00e7age, anti-\u00e9clatement.  <\/h4><\/div><\/div><\/div><div style=\"padding:30px;\" class=\"fusion-grid-column fusion-gallery-column fusion-gallery-column-4 hover-type-none awb-imageframe-style awb-imageframe-style-below awb-imageframe-style-1\"><div class=\"fusion-gallery-image\"><img decoding=\"async\" src=\"https:\/\/www.icaporteblindate.it\/wp-content\/uploads\/2025\/04\/cilindro-4.webp\" width=\"1464\" height=\"1090\" alt=\"\" title=\"cilindro 4\" aria-label=\"cilindro 4\" class=\"img-responsive wp-image-6401\" srcset=\"https:\/\/www.icaporteblindate.it\/wp-content\/uploads\/2025\/04\/cilindro-4-200x149.webp 200w, https:\/\/www.icaporteblindate.it\/wp-content\/uploads\/2025\/04\/cilindro-4-300x223.webp 300w, https:\/\/www.icaporteblindate.it\/wp-content\/uploads\/2025\/04\/cilindro-4-400x298.webp 400w, https:\/\/www.icaporteblindate.it\/wp-content\/uploads\/2025\/04\/cilindro-4-600x447.webp 600w, https:\/\/www.icaporteblindate.it\/wp-content\/uploads\/2025\/04\/cilindro-4-768x572.webp 768w, https:\/\/www.icaporteblindate.it\/wp-content\/uploads\/2025\/04\/cilindro-4-800x596.webp 800w, https:\/\/www.icaporteblindate.it\/wp-content\/uploads\/2025\/04\/cilindro-4-1024x762.webp 1024w, https:\/\/www.icaporteblindate.it\/wp-content\/uploads\/2025\/04\/cilindro-4-1200x893.webp 1200w, https:\/\/www.icaporteblindate.it\/wp-content\/uploads\/2025\/04\/cilindro-4.webp 1464w\" sizes=\"(min-width: 2200px) 100vw, (min-width: 856px) 328px, (min-width: 784px) 437px, (min-width: 712px) 655px, (min-width: 640px) 712px, \" \/><\/div><div class=\"awb-imageframe-caption-container\"><div class=\"awb-imageframe-caption\"><h4 class=\"awb-imageframe-caption-title\">Cylindre europ\u00e9en Champions PRO A\/R (1+3+1) avec fonction ARMO et REARM via la cl\u00e9 d&apos;activation activant\/d\u00e9sactivant la cl\u00e9 de service sur le cylindre.<\/h4><\/div><\/div><\/div><div class=\"clearfix\"><\/div><\/div><\/div><\/div><\/div><\/div><\/div>\n","protected":false},"excerpt":{"rendered":"","protected":false},"author":1,"featured_media":0,"parent":0,"menu_order":0,"comment_status":"closed","ping_status":"closed","template":"","meta":{"footnotes":""},"class_list":["post-7900","page","type-page","status-publish","hentry"],"yoast_head":"<!-- This site is optimized with the Yoast SEO plugin v26.1.1 - https:\/\/yoast.com\/wordpress\/plugins\/seo\/ -->\n<title>Cylindres - ICA<\/title>\n<meta name=\"robots\" content=\"index, follow, max-snippet:-1, max-image-preview:large, max-video-preview:-1\" \/>\n<link rel=\"canonical\" href=\"https:\/\/www.icaporteblindate.it\/cilindri\/\" \/>\n<meta property=\"og:locale\" content=\"fr_FR\" \/>\n<meta property=\"og:type\" content=\"article\" \/>\n<meta property=\"og:title\" content=\"Cylindres - ICA\" \/>\n<meta property=\"og:url\" content=\"https:\/\/www.icaporteblindate.it\/cilindri\/\" \/>\n<meta property=\"og:site_name\" content=\"ICA\" \/>\n<meta property=\"article:modified_time\" content=\"2025-07-02T07:26:10+00:00\" \/>\n<meta name=\"twitter:card\" content=\"summary_large_image\" \/>\n<meta name=\"twitter:label1\" content=\"Dur\u00e9e de lecture estim\u00e9e\" \/>\n\t<meta name=\"twitter:data1\" content=\"8 minutes\" \/>\n<script type=\"application\/ld+json\" class=\"yoast-schema-graph\">{\"@context\":\"https:\/\/schema.org\",\"@graph\":[{\"@type\":\"WebPage\",\"@id\":\"https:\/\/www.icaporteblindate.it\/cilindri\/\",\"url\":\"https:\/\/www.icaporteblindate.it\/cilindri\/\",\"name\":\"Cylindres - ICA\",\"isPartOf\":{\"@id\":\"https:\/\/www.icaporteblindate.it\/#website\"},\"datePublished\":\"2025-07-02T07:25:48+00:00\",\"dateModified\":\"2025-07-02T07:26:10+00:00\",\"breadcrumb\":{\"@id\":\"https:\/\/www.icaporteblindate.it\/cilindri\/#breadcrumb\"},\"inLanguage\":\"fr-FR\",\"potentialAction\":[{\"@type\":\"ReadAction\",\"target\":[\"https:\/\/www.icaporteblindate.it\/cilindri\/\"]}]},{\"@type\":\"BreadcrumbList\",\"@id\":\"https:\/\/www.icaporteblindate.it\/cilindri\/#breadcrumb\",\"itemListElement\":[{\"@type\":\"ListItem\",\"position\":1,\"name\":\"Home\",\"item\":\"https:\/\/www.icaporteblindate.it\/fr\/\"},{\"@type\":\"ListItem\",\"position\":2,\"name\":\"Cylindres\"}]},{\"@type\":\"WebSite\",\"@id\":\"https:\/\/www.icaporteblindate.it\/#website\",\"url\":\"https:\/\/www.icaporteblindate.it\/\",\"name\":\"ICA\",\"description\":\"Porte blindate\",\"publisher\":{\"@id\":\"https:\/\/www.icaporteblindate.it\/#organization\"},\"potentialAction\":[{\"@type\":\"SearchAction\",\"target\":{\"@type\":\"EntryPoint\",\"urlTemplate\":\"https:\/\/www.icaporteblindate.it\/?s={search_term_string}\"},\"query-input\":{\"@type\":\"PropertyValueSpecification\",\"valueRequired\":true,\"valueName\":\"search_term_string\"}}],\"inLanguage\":\"fr-FR\"},{\"@type\":\"Organization\",\"@id\":\"https:\/\/www.icaporteblindate.it\/#organization\",\"name\":\"ICA\",\"url\":\"https:\/\/www.icaporteblindate.it\/\",\"logo\":{\"@type\":\"ImageObject\",\"inLanguage\":\"fr-FR\",\"@id\":\"https:\/\/www.icaporteblindate.it\/#\/schema\/logo\/image\/\",\"url\":\"https:\/\/www.icaporteblindate.it\/wp-content\/uploads\/2025\/10\/logo-positivo.webp\",\"contentUrl\":\"https:\/\/www.icaporteblindate.it\/wp-content\/uploads\/2025\/10\/logo-positivo.webp\",\"width\":321,\"height\":136,\"caption\":\"ICA\"},\"image\":{\"@id\":\"https:\/\/www.icaporteblindate.it\/#\/schema\/logo\/image\/\"}}]}<\/script>\n<!-- \/ Yoast SEO plugin. -->","yoast_head_json":{"title":"Cylindres - ICA","robots":{"index":"index","follow":"follow","max-snippet":"max-snippet:-1","max-image-preview":"max-image-preview:large","max-video-preview":"max-video-preview:-1"},"canonical":"https:\/\/www.icaporteblindate.it\/cilindri\/","og_locale":"fr_FR","og_type":"article","og_title":"Cylindres - ICA","og_url":"https:\/\/www.icaporteblindate.it\/cilindri\/","og_site_name":"ICA","article_modified_time":"2025-07-02T07:26:10+00:00","twitter_card":"summary_large_image","twitter_misc":{"Dur\u00e9e de lecture estim\u00e9e":"8 minutes"},"schema":{"@context":"https:\/\/schema.org","@graph":[{"@type":"WebPage","@id":"https:\/\/www.icaporteblindate.it\/cilindri\/","url":"https:\/\/www.icaporteblindate.it\/cilindri\/","name":"Cylindres - ICA","isPartOf":{"@id":"https:\/\/www.icaporteblindate.it\/#website"},"datePublished":"2025-07-02T07:25:48+00:00","dateModified":"2025-07-02T07:26:10+00:00","breadcrumb":{"@id":"https:\/\/www.icaporteblindate.it\/cilindri\/#breadcrumb"},"inLanguage":"fr-FR","potentialAction":[{"@type":"ReadAction","target":["https:\/\/www.icaporteblindate.it\/cilindri\/"]}]},{"@type":"BreadcrumbList","@id":"https:\/\/www.icaporteblindate.it\/cilindri\/#breadcrumb","itemListElement":[{"@type":"ListItem","position":1,"name":"Home","item":"https:\/\/www.icaporteblindate.it\/fr\/"},{"@type":"ListItem","position":2,"name":"Cylindres"}]},{"@type":"WebSite","@id":"https:\/\/www.icaporteblindate.it\/#website","url":"https:\/\/www.icaporteblindate.it\/","name":"ICA","description":"Porte blindate","publisher":{"@id":"https:\/\/www.icaporteblindate.it\/#organization"},"potentialAction":[{"@type":"SearchAction","target":{"@type":"EntryPoint","urlTemplate":"https:\/\/www.icaporteblindate.it\/?s={search_term_string}"},"query-input":{"@type":"PropertyValueSpecification","valueRequired":true,"valueName":"search_term_string"}}],"inLanguage":"fr-FR"},{"@type":"Organization","@id":"https:\/\/www.icaporteblindate.it\/#organization","name":"ICA","url":"https:\/\/www.icaporteblindate.it\/","logo":{"@type":"ImageObject","inLanguage":"fr-FR","@id":"https:\/\/www.icaporteblindate.it\/#\/schema\/logo\/image\/","url":"https:\/\/www.icaporteblindate.it\/wp-content\/uploads\/2025\/10\/logo-positivo.webp","contentUrl":"https:\/\/www.icaporteblindate.it\/wp-content\/uploads\/2025\/10\/logo-positivo.webp","width":321,"height":136,"caption":"ICA"},"image":{"@id":"https:\/\/www.icaporteblindate.it\/#\/schema\/logo\/image\/"}}]}},"_links":{"self":[{"href":"https:\/\/www.icaporteblindate.it\/fr\/wp-json\/wp\/v2\/pages\/7900","targetHints":{"allow":["GET"]}}],"collection":[{"href":"https:\/\/www.icaporteblindate.it\/fr\/wp-json\/wp\/v2\/pages"}],"about":[{"href":"https:\/\/www.icaporteblindate.it\/fr\/wp-json\/wp\/v2\/types\/page"}],"author":[{"embeddable":true,"href":"https:\/\/www.icaporteblindate.it\/fr\/wp-json\/wp\/v2\/users\/1"}],"replies":[{"embeddable":true,"href":"https:\/\/www.icaporteblindate.it\/fr\/wp-json\/wp\/v2\/comments?post=7900"}],"version-history":[{"count":6,"href":"https:\/\/www.icaporteblindate.it\/fr\/wp-json\/wp\/v2\/pages\/7900\/revisions"}],"predecessor-version":[{"id":7911,"href":"https:\/\/www.icaporteblindate.it\/fr\/wp-json\/wp\/v2\/pages\/7900\/revisions\/7911"}],"wp:attachment":[{"href":"https:\/\/www.icaporteblindate.it\/fr\/wp-json\/wp\/v2\/media?parent=7900"}],"curies":[{"name":"wp","href":"https:\/\/api.w.org\/{rel}","templated":true}]}}