{"id":7848,"date":"2025-07-02T09:20:47","date_gmt":"2025-07-02T07:20:47","guid":{"rendered":"https:\/\/www.icaporteblindate.it\/protection-des-cylindres\/"},"modified":"2025-07-02T09:23:00","modified_gmt":"2025-07-02T07:23:00","slug":"protection-des-cylindres","status":"publish","type":"page","link":"https:\/\/www.icaporteblindate.it\/fr\/protection-des-cylindres\/","title":{"rendered":"Protection des cylindres"},"content":{"rendered":"<div class=\"fusion-fullwidth fullwidth-box fusion-builder-row-1 fusion-flex-container has-pattern-background has-mask-background nonhundred-percent-fullwidth non-hundred-percent-height-scrolling\" style=\"--awb-background-position:right center;--awb-border-radius-top-left:0px;--awb-border-radius-top-right:0px;--awb-border-radius-bottom-right:0px;--awb-border-radius-bottom-left:0px;--awb-margin-bottom:5%;--awb-background-color:var(--awb-custom_color_10);--awb-background-size:200px;--awb-flex-wrap:wrap;\" ><div class=\"fusion-builder-row fusion-row fusion-flex-align-items-flex-start fusion-flex-justify-content-center fusion-flex-content-wrap\" style=\"max-width:1456px;margin-left: calc(-4% \/ 2 );margin-right: calc(-4% \/ 2 );\"><div class=\"fusion-layout-column fusion_builder_column fusion-builder-column-0 fusion_builder_column_1_1 1_1 fusion-flex-column\" style=\"--awb-bg-size:cover;--awb-width-large:100%;--awb-margin-top-large:0px;--awb-spacing-right-large:1.92%;--awb-margin-bottom-large:10%;--awb-spacing-left-large:1.92%;--awb-width-medium:100%;--awb-order-medium:0;--awb-spacing-right-medium:1.92%;--awb-spacing-left-medium:1.92%;--awb-width-small:100%;--awb-order-small:0;--awb-spacing-right-small:1.92%;--awb-spacing-left-small:1.92%;\" data-scroll-devices=\"small-visibility,medium-visibility,large-visibility\"><div class=\"fusion-column-wrapper fusion-column-has-shadow fusion-flex-justify-content-flex-start fusion-content-layout-column\"><div class=\"fusion-text fusion-text-1 fusion-text-no-margin\" style=\"--awb-text-color:var(--awb-color1);--awb-margin-bottom:3%;\"><p>Les syst\u00e8mes europ\u00e9ens de protection des cylindres emp\u00eachent compl\u00e8tement la cl\u00e9 de p\u00e9n\u00e9trer dans la serrure, \u00e9liminant ainsi la possibilit\u00e9 d&rsquo;ins\u00e9rer des colles, des corps \u00e9trangers et surtout des outils d&rsquo;effraction, de crochetage et d&rsquo;\u00e9crasement.<\/p>\n<\/div><div class=\"awb-gallery-wrapper awb-gallery-wrapper-1 button-span-no\" style=\"--more-btn-alignment:center;\"><div style=\"margin:-30px;--awb-bordersize:0px;--awb-caption-title-color:var(--awb-color1);--awb-caption-text-color:var(--awb-color1);--awb-caption-margin-top:5%;--awb-columns-small:50%;\" class=\"fusion-gallery fusion-gallery-container fusion-grid-4 fusion-columns-total-4 fusion-gallery-layout-grid fusion-gallery-1\"><div style=\"padding:30px;\" class=\"fusion-grid-column fusion-gallery-column fusion-gallery-column-4 hover-type-none awb-imageframe-style awb-imageframe-style-below awb-imageframe-style-1\"><div class=\"fusion-gallery-image\"><img decoding=\"async\" src=\"https:\/\/www.icaporteblindate.it\/wp-content\/uploads\/2025\/04\/protezione-cilindri-1.webp\" width=\"610\" height=\"610\" alt=\"\" title=\"protezione cilindri 1\" aria-label=\"protezione cilindri 1\" class=\"img-responsive wp-image-6461\" srcset=\"https:\/\/www.icaporteblindate.it\/wp-content\/uploads\/2025\/04\/protezione-cilindri-1-66x66.webp 66w, https:\/\/www.icaporteblindate.it\/wp-content\/uploads\/2025\/04\/protezione-cilindri-1-150x150.webp 150w, https:\/\/www.icaporteblindate.it\/wp-content\/uploads\/2025\/04\/protezione-cilindri-1-200x200.webp 200w, https:\/\/www.icaporteblindate.it\/wp-content\/uploads\/2025\/04\/protezione-cilindri-1-300x300.webp 300w, https:\/\/www.icaporteblindate.it\/wp-content\/uploads\/2025\/04\/protezione-cilindri-1-400x400.webp 400w, https:\/\/www.icaporteblindate.it\/wp-content\/uploads\/2025\/04\/protezione-cilindri-1-600x600.webp 600w, https:\/\/www.icaporteblindate.it\/wp-content\/uploads\/2025\/04\/protezione-cilindri-1.webp 610w\" sizes=\"(min-width: 2200px) 100vw, (min-width: 856px) 328px, (min-width: 784px) 437px, (min-width: 712px) 655px, (min-width: 640px) 712px, \" \/><\/div><div class=\"awb-imageframe-caption-container\"><div class=\"awb-imageframe-caption\"><h4 class=\"awb-imageframe-caption-title\">SP1C-Mec<\/h4><p class=\"awb-imageframe-caption-text\">Syst\u00e8me de protection du cylindre europ\u00e9en avec serrure rotative. Ouverture par cl\u00e9 m\u00e9canique cod\u00e9e. <\/p><\/div><\/div><\/div><div style=\"padding:30px;\" class=\"fusion-grid-column fusion-gallery-column fusion-gallery-column-4 hover-type-none awb-imageframe-style awb-imageframe-style-below awb-imageframe-style-1\"><div class=\"fusion-gallery-image\"><img decoding=\"async\" src=\"https:\/\/www.icaporteblindate.it\/wp-content\/uploads\/2025\/04\/protezione-cilindri-2.webp\" width=\"610\" height=\"610\" alt=\"\" title=\"protezione cilindri 2\" aria-label=\"protezione cilindri 2\" class=\"img-responsive wp-image-6470\" srcset=\"https:\/\/www.icaporteblindate.it\/wp-content\/uploads\/2025\/04\/protezione-cilindri-2-66x66.webp 66w, https:\/\/www.icaporteblindate.it\/wp-content\/uploads\/2025\/04\/protezione-cilindri-2-150x150.webp 150w, https:\/\/www.icaporteblindate.it\/wp-content\/uploads\/2025\/04\/protezione-cilindri-2-200x200.webp 200w, https:\/\/www.icaporteblindate.it\/wp-content\/uploads\/2025\/04\/protezione-cilindri-2-300x300.webp 300w, https:\/\/www.icaporteblindate.it\/wp-content\/uploads\/2025\/04\/protezione-cilindri-2-400x400.webp 400w, https:\/\/www.icaporteblindate.it\/wp-content\/uploads\/2025\/04\/protezione-cilindri-2-600x600.webp 600w, https:\/\/www.icaporteblindate.it\/wp-content\/uploads\/2025\/04\/protezione-cilindri-2.webp 610w\" sizes=\"(min-width: 2200px) 100vw, (min-width: 856px) 328px, (min-width: 784px) 437px, (min-width: 712px) 655px, (min-width: 640px) 712px, \" \/><\/div><div class=\"awb-imageframe-caption-container\"><div class=\"awb-imageframe-caption\"><h4 class=\"awb-imageframe-caption-title\">SP1C-R<\/h4><p class=\"awb-imageframe-caption-text\">Syst\u00e8me de protection du cylindre europ\u00e9en avec serrure rotative. Ouverture par cl\u00e9 magn\u00e9tique cod\u00e9e. <\/p><\/div><\/div><\/div><div style=\"padding:30px;\" class=\"fusion-grid-column fusion-gallery-column fusion-gallery-column-4 hover-type-none awb-imageframe-style awb-imageframe-style-below awb-imageframe-style-1\"><div class=\"fusion-gallery-image\"><img decoding=\"async\" src=\"https:\/\/www.icaporteblindate.it\/wp-content\/uploads\/2025\/04\/protezione-cilindri-3.webp\" width=\"610\" height=\"610\" alt=\"\" title=\"protezione cilindri 3\" aria-label=\"protezione cilindri 3\" class=\"img-responsive wp-image-6467\" srcset=\"https:\/\/www.icaporteblindate.it\/wp-content\/uploads\/2025\/04\/protezione-cilindri-3-66x66.webp 66w, https:\/\/www.icaporteblindate.it\/wp-content\/uploads\/2025\/04\/protezione-cilindri-3-150x150.webp 150w, https:\/\/www.icaporteblindate.it\/wp-content\/uploads\/2025\/04\/protezione-cilindri-3-200x200.webp 200w, https:\/\/www.icaporteblindate.it\/wp-content\/uploads\/2025\/04\/protezione-cilindri-3-300x300.webp 300w, https:\/\/www.icaporteblindate.it\/wp-content\/uploads\/2025\/04\/protezione-cilindri-3-400x400.webp 400w, https:\/\/www.icaporteblindate.it\/wp-content\/uploads\/2025\/04\/protezione-cilindri-3-600x600.webp 600w, https:\/\/www.icaporteblindate.it\/wp-content\/uploads\/2025\/04\/protezione-cilindri-3.webp 610w\" sizes=\"(min-width: 2200px) 100vw, (min-width: 856px) 328px, (min-width: 784px) 437px, (min-width: 712px) 655px, (min-width: 640px) 712px, \" \/><\/div><div class=\"awb-imageframe-caption-container\"><div class=\"awb-imageframe-caption\"><h4 class=\"awb-imageframe-caption-title\">SP1C-S<\/h4><p class=\"awb-imageframe-caption-text\">Syst\u00e8me de protection \u00e0 cylindre europ\u00e9en avec serrure coulissante. Ouverture par cl\u00e9 magn\u00e9tique cod\u00e9e. <\/p><\/div><\/div><\/div><div style=\"padding:30px;\" class=\"fusion-grid-column fusion-gallery-column fusion-gallery-column-4 hover-type-none awb-imageframe-style awb-imageframe-style-below awb-imageframe-style-1\"><div class=\"fusion-gallery-image\"><img decoding=\"async\" src=\"https:\/\/www.icaporteblindate.it\/wp-content\/uploads\/2025\/04\/protezione-cilindri-4.webp\" width=\"610\" height=\"610\" alt=\"\" title=\"protezione cilindri 4\" aria-label=\"protezione cilindri 4\" class=\"img-responsive wp-image-6464\" srcset=\"https:\/\/www.icaporteblindate.it\/wp-content\/uploads\/2025\/04\/protezione-cilindri-4-66x66.webp 66w, https:\/\/www.icaporteblindate.it\/wp-content\/uploads\/2025\/04\/protezione-cilindri-4-150x150.webp 150w, https:\/\/www.icaporteblindate.it\/wp-content\/uploads\/2025\/04\/protezione-cilindri-4-200x200.webp 200w, https:\/\/www.icaporteblindate.it\/wp-content\/uploads\/2025\/04\/protezione-cilindri-4-300x300.webp 300w, https:\/\/www.icaporteblindate.it\/wp-content\/uploads\/2025\/04\/protezione-cilindri-4-400x400.webp 400w, https:\/\/www.icaporteblindate.it\/wp-content\/uploads\/2025\/04\/protezione-cilindri-4-600x600.webp 600w, https:\/\/www.icaporteblindate.it\/wp-content\/uploads\/2025\/04\/protezione-cilindri-4.webp 610w\" sizes=\"(min-width: 2200px) 100vw, (min-width: 856px) 328px, (min-width: 784px) 437px, (min-width: 712px) 655px, (min-width: 640px) 712px, \" \/><\/div><div class=\"awb-imageframe-caption-container\"><div class=\"awb-imageframe-caption\"><h4 class=\"awb-imageframe-caption-title\">SP2C-S<\/h4><p class=\"awb-imageframe-caption-text\">Syst\u00e8me de protection europ\u00e9en \u00e0 double cylindre avec serrure coulissante. Ouverture par cl\u00e9 magn\u00e9tique cod\u00e9e. <\/p><\/div><\/div><\/div><div class=\"clearfix\"><\/div><\/div><\/div><\/div><\/div><\/div><\/div>\n","protected":false},"excerpt":{"rendered":"","protected":false},"author":1,"featured_media":0,"parent":0,"menu_order":0,"comment_status":"closed","ping_status":"closed","template":"","meta":{"footnotes":""},"class_list":["post-7848","page","type-page","status-publish","hentry"],"yoast_head":"<!-- This site is optimized with the Yoast SEO plugin v26.1.1 - https:\/\/yoast.com\/wordpress\/plugins\/seo\/ -->\n<title>Protection des cylindres - ICA<\/title>\n<meta name=\"robots\" content=\"index, follow, max-snippet:-1, max-image-preview:large, max-video-preview:-1\" \/>\n<link rel=\"canonical\" href=\"https:\/\/www.icaporteblindate.it\/protezione-cilindri\/\" \/>\n<meta property=\"og:locale\" content=\"fr_FR\" \/>\n<meta property=\"og:type\" content=\"article\" \/>\n<meta property=\"og:title\" content=\"Protection des cylindres - ICA\" \/>\n<meta property=\"og:url\" content=\"https:\/\/www.icaporteblindate.it\/protezione-cilindri\/\" \/>\n<meta property=\"og:site_name\" content=\"ICA\" \/>\n<meta property=\"article:modified_time\" content=\"2025-07-02T07:23:00+00:00\" \/>\n<meta name=\"twitter:card\" content=\"summary_large_image\" \/>\n<meta name=\"twitter:label1\" content=\"Dur\u00e9e de lecture estim\u00e9e\" \/>\n\t<meta name=\"twitter:data1\" content=\"8 minutes\" \/>\n<script type=\"application\/ld+json\" class=\"yoast-schema-graph\">{\"@context\":\"https:\/\/schema.org\",\"@graph\":[{\"@type\":\"WebPage\",\"@id\":\"https:\/\/www.icaporteblindate.it\/protezione-cilindri\/\",\"url\":\"https:\/\/www.icaporteblindate.it\/protezione-cilindri\/\",\"name\":\"Protection des cylindres - ICA\",\"isPartOf\":{\"@id\":\"https:\/\/www.icaporteblindate.it\/#website\"},\"datePublished\":\"2025-07-02T07:20:47+00:00\",\"dateModified\":\"2025-07-02T07:23:00+00:00\",\"breadcrumb\":{\"@id\":\"https:\/\/www.icaporteblindate.it\/protezione-cilindri\/#breadcrumb\"},\"inLanguage\":\"fr-FR\",\"potentialAction\":[{\"@type\":\"ReadAction\",\"target\":[\"https:\/\/www.icaporteblindate.it\/protezione-cilindri\/\"]}]},{\"@type\":\"BreadcrumbList\",\"@id\":\"https:\/\/www.icaporteblindate.it\/protezione-cilindri\/#breadcrumb\",\"itemListElement\":[{\"@type\":\"ListItem\",\"position\":1,\"name\":\"Home\",\"item\":\"https:\/\/www.icaporteblindate.it\/fr\/\"},{\"@type\":\"ListItem\",\"position\":2,\"name\":\"Protection des cylindres\"}]},{\"@type\":\"WebSite\",\"@id\":\"https:\/\/www.icaporteblindate.it\/#website\",\"url\":\"https:\/\/www.icaporteblindate.it\/\",\"name\":\"ICA\",\"description\":\"Porte blindate\",\"publisher\":{\"@id\":\"https:\/\/www.icaporteblindate.it\/#organization\"},\"potentialAction\":[{\"@type\":\"SearchAction\",\"target\":{\"@type\":\"EntryPoint\",\"urlTemplate\":\"https:\/\/www.icaporteblindate.it\/?s={search_term_string}\"},\"query-input\":{\"@type\":\"PropertyValueSpecification\",\"valueRequired\":true,\"valueName\":\"search_term_string\"}}],\"inLanguage\":\"fr-FR\"},{\"@type\":\"Organization\",\"@id\":\"https:\/\/www.icaporteblindate.it\/#organization\",\"name\":\"ICA\",\"url\":\"https:\/\/www.icaporteblindate.it\/\",\"logo\":{\"@type\":\"ImageObject\",\"inLanguage\":\"fr-FR\",\"@id\":\"https:\/\/www.icaporteblindate.it\/#\/schema\/logo\/image\/\",\"url\":\"https:\/\/www.icaporteblindate.it\/wp-content\/uploads\/2025\/10\/logo-positivo.webp\",\"contentUrl\":\"https:\/\/www.icaporteblindate.it\/wp-content\/uploads\/2025\/10\/logo-positivo.webp\",\"width\":321,\"height\":136,\"caption\":\"ICA\"},\"image\":{\"@id\":\"https:\/\/www.icaporteblindate.it\/#\/schema\/logo\/image\/\"}}]}<\/script>\n<!-- \/ Yoast SEO plugin. -->","yoast_head_json":{"title":"Protection des cylindres - ICA","robots":{"index":"index","follow":"follow","max-snippet":"max-snippet:-1","max-image-preview":"max-image-preview:large","max-video-preview":"max-video-preview:-1"},"canonical":"https:\/\/www.icaporteblindate.it\/protezione-cilindri\/","og_locale":"fr_FR","og_type":"article","og_title":"Protection des cylindres - ICA","og_url":"https:\/\/www.icaporteblindate.it\/protezione-cilindri\/","og_site_name":"ICA","article_modified_time":"2025-07-02T07:23:00+00:00","twitter_card":"summary_large_image","twitter_misc":{"Dur\u00e9e de lecture estim\u00e9e":"8 minutes"},"schema":{"@context":"https:\/\/schema.org","@graph":[{"@type":"WebPage","@id":"https:\/\/www.icaporteblindate.it\/protezione-cilindri\/","url":"https:\/\/www.icaporteblindate.it\/protezione-cilindri\/","name":"Protection des cylindres - ICA","isPartOf":{"@id":"https:\/\/www.icaporteblindate.it\/#website"},"datePublished":"2025-07-02T07:20:47+00:00","dateModified":"2025-07-02T07:23:00+00:00","breadcrumb":{"@id":"https:\/\/www.icaporteblindate.it\/protezione-cilindri\/#breadcrumb"},"inLanguage":"fr-FR","potentialAction":[{"@type":"ReadAction","target":["https:\/\/www.icaporteblindate.it\/protezione-cilindri\/"]}]},{"@type":"BreadcrumbList","@id":"https:\/\/www.icaporteblindate.it\/protezione-cilindri\/#breadcrumb","itemListElement":[{"@type":"ListItem","position":1,"name":"Home","item":"https:\/\/www.icaporteblindate.it\/fr\/"},{"@type":"ListItem","position":2,"name":"Protection des cylindres"}]},{"@type":"WebSite","@id":"https:\/\/www.icaporteblindate.it\/#website","url":"https:\/\/www.icaporteblindate.it\/","name":"ICA","description":"Porte blindate","publisher":{"@id":"https:\/\/www.icaporteblindate.it\/#organization"},"potentialAction":[{"@type":"SearchAction","target":{"@type":"EntryPoint","urlTemplate":"https:\/\/www.icaporteblindate.it\/?s={search_term_string}"},"query-input":{"@type":"PropertyValueSpecification","valueRequired":true,"valueName":"search_term_string"}}],"inLanguage":"fr-FR"},{"@type":"Organization","@id":"https:\/\/www.icaporteblindate.it\/#organization","name":"ICA","url":"https:\/\/www.icaporteblindate.it\/","logo":{"@type":"ImageObject","inLanguage":"fr-FR","@id":"https:\/\/www.icaporteblindate.it\/#\/schema\/logo\/image\/","url":"https:\/\/www.icaporteblindate.it\/wp-content\/uploads\/2025\/10\/logo-positivo.webp","contentUrl":"https:\/\/www.icaporteblindate.it\/wp-content\/uploads\/2025\/10\/logo-positivo.webp","width":321,"height":136,"caption":"ICA"},"image":{"@id":"https:\/\/www.icaporteblindate.it\/#\/schema\/logo\/image\/"}}]}},"_links":{"self":[{"href":"https:\/\/www.icaporteblindate.it\/fr\/wp-json\/wp\/v2\/pages\/7848","targetHints":{"allow":["GET"]}}],"collection":[{"href":"https:\/\/www.icaporteblindate.it\/fr\/wp-json\/wp\/v2\/pages"}],"about":[{"href":"https:\/\/www.icaporteblindate.it\/fr\/wp-json\/wp\/v2\/types\/page"}],"author":[{"embeddable":true,"href":"https:\/\/www.icaporteblindate.it\/fr\/wp-json\/wp\/v2\/users\/1"}],"replies":[{"embeddable":true,"href":"https:\/\/www.icaporteblindate.it\/fr\/wp-json\/wp\/v2\/comments?post=7848"}],"version-history":[{"count":16,"href":"https:\/\/www.icaporteblindate.it\/fr\/wp-json\/wp\/v2\/pages\/7848\/revisions"}],"predecessor-version":[{"id":7879,"href":"https:\/\/www.icaporteblindate.it\/fr\/wp-json\/wp\/v2\/pages\/7848\/revisions\/7879"}],"wp:attachment":[{"href":"https:\/\/www.icaporteblindate.it\/fr\/wp-json\/wp\/v2\/media?parent=7848"}],"curies":[{"name":"wp","href":"https:\/\/api.w.org\/{rel}","templated":true}]}}