{"id":6218,"date":"2025-04-01T09:39:19","date_gmt":"2025-04-01T07:39:19","guid":{"rendered":"https:\/\/www.icaporteblindate.it\/electronique\/"},"modified":"2025-10-01T09:31:56","modified_gmt":"2025-10-01T07:31:56","slug":"electronique","status":"publish","type":"page","link":"https:\/\/www.icaporteblindate.it\/fr\/electronique\/","title":{"rendered":"\u00c9lectronique"},"content":{"rendered":"<p><div class=\"fusion-fullwidth fullwidth-box fusion-builder-row-1 fusion-flex-container has-pattern-background has-mask-background nonhundred-percent-fullwidth non-hundred-percent-height-scrolling\" style=\"--awb-background-position:right center;--awb-border-radius-top-left:0px;--awb-border-radius-top-right:0px;--awb-border-radius-bottom-right:0px;--awb-border-radius-bottom-left:0px;--awb-background-color:var(--awb-custom_color_10);--awb-background-size:200px;--awb-flex-wrap:wrap;\" ><div class=\"fusion-builder-row fusion-row fusion-flex-align-items-flex-start fusion-flex-content-wrap\" style=\"max-width:1456px;margin-left: calc(-4% \/ 2 );margin-right: calc(-4% \/ 2 );\"><div class=\"fusion-layout-column fusion_builder_column fusion-builder-column-0 fusion_builder_column_1_1 1_1 fusion-flex-column\" style=\"--awb-bg-size:cover;--awb-width-large:100%;--awb-margin-top-large:0px;--awb-spacing-right-large:1.92%;--awb-margin-bottom-large:20px;--awb-spacing-left-large:1.92%;--awb-width-medium:100%;--awb-order-medium:0;--awb-spacing-right-medium:1.92%;--awb-spacing-left-medium:1.92%;--awb-width-small:100%;--awb-order-small:0;--awb-spacing-right-small:1.92%;--awb-spacing-left-small:1.92%;\" data-scroll-devices=\"small-visibility,medium-visibility,large-visibility\"><div class=\"fusion-column-wrapper fusion-column-has-shadow fusion-flex-justify-content-center fusion-content-layout-column\"><div class=\"fusion-text fusion-text-1 fusion-text-no-margin\" style=\"--awb-content-alignment:justify;--awb-text-color:var(--awb-color1);--awb-margin-bottom:5%;\"><p>L&rsquo;\u00e9lectronique des portes de s\u00e9curit\u00e9 ICA allie s\u00e9curit\u00e9 et innovation, en offrant un contr\u00f4le d&rsquo;acc\u00e8s avanc\u00e9. Gr\u00e2ce aux serrures \u00e9lectroniques motoris\u00e9es, l&rsquo;ouverture peut \u00eatre g\u00e9r\u00e9e par smartphone, \u00e9tiquette RFID, clavier ou empreinte digitale, assurant ainsi commodit\u00e9 et protection. Des technologies fiables pour une exp\u00e9rience utilisateur moderne et s\u00e9curis\u00e9e.<\/p>\n<\/div><\/div><\/div><\/div><\/div><div class=\"fusion-fullwidth fullwidth-box fusion-builder-row-2 fusion-flex-container has-pattern-background has-mask-background nonhundred-percent-fullwidth non-hundred-percent-height-scrolling\" style=\"--awb-background-position:right center;--awb-border-radius-top-left:0px;--awb-border-radius-top-right:0px;--awb-border-radius-bottom-right:0px;--awb-border-radius-bottom-left:0px;--awb-padding-bottom:5%;--awb-background-color:var(--awb-custom_color_10);--awb-background-size:200px;--awb-flex-wrap:wrap;\" ><div class=\"fusion-builder-row fusion-row fusion-flex-align-items-flex-start fusion-flex-justify-content-center fusion-flex-content-wrap\" style=\"max-width:1456px;margin-left: calc(-4% \/ 2 );margin-right: calc(-4% \/ 2 );\"><div class=\"fusion-layout-column fusion_builder_column fusion-builder-column-1 fusion_builder_column_1_2 1_2 fusion-flex-column fusion-flex-align-self-center\" style=\"--awb-bg-size:cover;--awb-width-large:50%;--awb-margin-top-large:0px;--awb-spacing-right-large:3.84%;--awb-margin-bottom-large:20px;--awb-spacing-left-large:3.84%;--awb-width-medium:50%;--awb-order-medium:0;--awb-spacing-right-medium:3.84%;--awb-spacing-left-medium:3.84%;--awb-width-small:100%;--awb-order-small:0;--awb-spacing-right-small:1.92%;--awb-spacing-left-small:1.92%;\" data-scroll-devices=\"small-visibility,medium-visibility,large-visibility\"><div class=\"fusion-column-wrapper fusion-column-has-shadow fusion-flex-justify-content-center fusion-content-layout-column\"><div class=\"awb-gallery-wrapper awb-gallery-wrapper-1 button-span-no\" style=\"--more-btn-alignment:center;\"><div style=\"margin:-30px;--awb-bordersize:0px;--awb-columns-small:50%;\" class=\"fusion-gallery fusion-gallery-container fusion-grid-2 fusion-columns-total-2 fusion-gallery-layout-grid fusion-gallery-1\"><div style=\"padding:30px;\" class=\"fusion-grid-column fusion-gallery-column fusion-gallery-column-2 hover-type-none\"><div class=\"fusion-gallery-image\"><img decoding=\"async\" src=\"https:\/\/www.icaporteblindate.it\/wp-content\/uploads\/2025\/04\/elettronica-1.webp\" width=\"700\" height=\"700\" alt=\"\" title=\"elettronica 1\" aria-label=\"elettronica 1\" class=\"img-responsive wp-image-6540\" srcset=\"https:\/\/www.icaporteblindate.it\/wp-content\/uploads\/2025\/04\/elettronica-1-66x66.webp 66w, https:\/\/www.icaporteblindate.it\/wp-content\/uploads\/2025\/04\/elettronica-1-150x150.webp 150w, https:\/\/www.icaporteblindate.it\/wp-content\/uploads\/2025\/04\/elettronica-1-200x200.webp 200w, https:\/\/www.icaporteblindate.it\/wp-content\/uploads\/2025\/04\/elettronica-1-300x300.webp 300w, https:\/\/www.icaporteblindate.it\/wp-content\/uploads\/2025\/04\/elettronica-1-400x400.webp 400w, https:\/\/www.icaporteblindate.it\/wp-content\/uploads\/2025\/04\/elettronica-1-600x600.webp 600w, https:\/\/www.icaporteblindate.it\/wp-content\/uploads\/2025\/04\/elettronica-1.webp 700w\" sizes=\"(min-width: 2200px) 100vw, (min-width: 712px) 685px, (min-width: 640px) 712px, \" \/><\/div><\/div><div style=\"padding:30px;\" class=\"fusion-grid-column fusion-gallery-column fusion-gallery-column-2 hover-type-none\"><div class=\"fusion-gallery-image\"><img decoding=\"async\" src=\"https:\/\/www.icaporteblindate.it\/wp-content\/uploads\/2025\/04\/elettronica-2.webp\" width=\"700\" height=\"700\" alt=\"\" title=\"elettronica 2\" aria-label=\"elettronica 2\" class=\"img-responsive wp-image-6543\" srcset=\"https:\/\/www.icaporteblindate.it\/wp-content\/uploads\/2025\/04\/elettronica-2-66x66.webp 66w, https:\/\/www.icaporteblindate.it\/wp-content\/uploads\/2025\/04\/elettronica-2-150x150.webp 150w, https:\/\/www.icaporteblindate.it\/wp-content\/uploads\/2025\/04\/elettronica-2-200x200.webp 200w, https:\/\/www.icaporteblindate.it\/wp-content\/uploads\/2025\/04\/elettronica-2-300x300.webp 300w, https:\/\/www.icaporteblindate.it\/wp-content\/uploads\/2025\/04\/elettronica-2-400x400.webp 400w, https:\/\/www.icaporteblindate.it\/wp-content\/uploads\/2025\/04\/elettronica-2-600x600.webp 600w, https:\/\/www.icaporteblindate.it\/wp-content\/uploads\/2025\/04\/elettronica-2.webp 700w\" sizes=\"(min-width: 2200px) 100vw, (min-width: 712px) 685px, (min-width: 640px) 712px, \" \/><\/div><\/div><div class=\"clearfix\"><\/div><\/div><\/div><\/div><\/div><div class=\"fusion-layout-column fusion_builder_column fusion-builder-column-2 fusion_builder_column_1_2 1_2 fusion-flex-column fusion-flex-align-self-center\" style=\"--awb-bg-size:cover;--awb-width-large:50%;--awb-margin-top-large:0px;--awb-spacing-right-large:3.84%;--awb-margin-bottom-large:20px;--awb-spacing-left-large:3.84%;--awb-width-medium:50%;--awb-order-medium:0;--awb-spacing-right-medium:3.84%;--awb-spacing-left-medium:3.84%;--awb-width-small:100%;--awb-order-small:0;--awb-spacing-right-small:1.92%;--awb-spacing-left-small:1.92%;\" data-scroll-devices=\"small-visibility,medium-visibility,large-visibility\"><div class=\"fusion-column-wrapper fusion-column-has-shadow fusion-flex-justify-content-center fusion-content-layout-column\"><div class=\"fusion-title title fusion-title-1 fusion-sep-none fusion-title-text fusion-title-size-three\" style=\"--awb-text-color:var(--awb-color1);\"><h3 class=\"fusion-title-heading title-heading-left fusion-responsive-typography-calculated\" style=\"margin:0;--fontSize:40;line-height:1;\">x1R Smart 2.0<\/h3><\/div><div class=\"fusion-text fusion-text-2\" style=\"--awb-text-color:var(--awb-color1);\"><p>x1R Smart est une serrure \u00e9lectronique motoris\u00e9e con\u00e7ue sp\u00e9cifiquement pour les portes de s\u00e9curit\u00e9. Elle combine la robustesse d&rsquo;une serrure m\u00e9canique avec la polyvalence d&rsquo;un contr\u00f4le \u00e9lectronique via un Smartphone, un tag RFID ou un clavier.<\/p>\n<\/div><\/div><\/div><div class=\"fusion-layout-column fusion_builder_column fusion-builder-column-3 fusion_builder_column_1_1 1_1 fusion-flex-column\" style=\"--awb-bg-size:cover;--awb-width-large:100%;--awb-margin-top-large:0px;--awb-spacing-right-large:1.92%;--awb-margin-bottom-large:20px;--awb-spacing-left-large:1.92%;--awb-width-medium:100%;--awb-order-medium:0;--awb-spacing-right-medium:1.92%;--awb-spacing-left-medium:1.92%;--awb-width-small:100%;--awb-order-small:0;--awb-spacing-right-small:1.92%;--awb-spacing-left-small:1.92%;\"><div class=\"fusion-column-wrapper fusion-column-has-shadow fusion-flex-justify-content-flex-start fusion-content-layout-column\"><div class=\"fusion-separator fusion-full-width-sep\" style=\"align-self: center;margin-left: auto;margin-right: auto;margin-bottom:10%;width:100%;\"><\/div><\/div><\/div><div class=\"fusion-layout-column fusion_builder_column fusion-builder-column-4 fusion_builder_column_1_2 1_2 fusion-flex-column fusion-flex-align-self-center\" style=\"--awb-bg-size:cover;--awb-width-large:50%;--awb-margin-top-large:0px;--awb-spacing-right-large:3.84%;--awb-margin-bottom-large:20px;--awb-spacing-left-large:3.84%;--awb-width-medium:50%;--awb-order-medium:0;--awb-spacing-right-medium:3.84%;--awb-spacing-left-medium:3.84%;--awb-width-small:100%;--awb-order-small:0;--awb-spacing-right-small:1.92%;--awb-spacing-left-small:1.92%;\" data-scroll-devices=\"small-visibility,medium-visibility,large-visibility\"><div class=\"fusion-column-wrapper fusion-column-has-shadow fusion-flex-justify-content-center fusion-content-layout-column\"><div class=\"fusion-image-element \" style=\"text-align:center;--awb-caption-title-font-family:var(--h2_typography-font-family);--awb-caption-title-font-weight:var(--h2_typography-font-weight);--awb-caption-title-font-style:var(--h2_typography-font-style);--awb-caption-title-size:var(--h2_typography-font-size);--awb-caption-title-transform:var(--h2_typography-text-transform);--awb-caption-title-line-height:var(--h2_typography-line-height);--awb-caption-title-letter-spacing:var(--h2_typography-letter-spacing);\"><span class=\" fusion-imageframe imageframe-none imageframe-1 hover-type-none\"><img decoding=\"async\" width=\"1400\" height=\"700\" title=\"elettronica 3\" src=\"https:\/\/www.icaporteblindate.it\/wp-content\/uploads\/2025\/04\/elettronica-3.webp\" alt class=\"img-responsive wp-image-6596\" srcset=\"https:\/\/www.icaporteblindate.it\/wp-content\/uploads\/2025\/04\/elettronica-3-200x100.webp 200w, https:\/\/www.icaporteblindate.it\/wp-content\/uploads\/2025\/04\/elettronica-3-300x150.webp 300w, https:\/\/www.icaporteblindate.it\/wp-content\/uploads\/2025\/04\/elettronica-3-400x200.webp 400w, https:\/\/www.icaporteblindate.it\/wp-content\/uploads\/2025\/04\/elettronica-3-600x300.webp 600w, https:\/\/www.icaporteblindate.it\/wp-content\/uploads\/2025\/04\/elettronica-3-768x384.webp 768w, https:\/\/www.icaporteblindate.it\/wp-content\/uploads\/2025\/04\/elettronica-3-800x400.webp 800w, https:\/\/www.icaporteblindate.it\/wp-content\/uploads\/2025\/04\/elettronica-3-1024x512.webp 1024w, https:\/\/www.icaporteblindate.it\/wp-content\/uploads\/2025\/04\/elettronica-3-1200x600.webp 1200w, https:\/\/www.icaporteblindate.it\/wp-content\/uploads\/2025\/04\/elettronica-3.webp 1400w\" sizes=\"(max-width: 640px) 100vw, 800px\" \/><\/span><\/div><\/div><\/div><div class=\"fusion-layout-column fusion_builder_column fusion-builder-column-5 fusion_builder_column_1_2 1_2 fusion-flex-column fusion-flex-align-self-center\" style=\"--awb-bg-size:cover;--awb-width-large:50%;--awb-margin-top-large:0px;--awb-spacing-right-large:3.84%;--awb-margin-bottom-large:20px;--awb-spacing-left-large:3.84%;--awb-width-medium:50%;--awb-order-medium:0;--awb-spacing-right-medium:3.84%;--awb-spacing-left-medium:3.84%;--awb-width-small:100%;--awb-order-small:0;--awb-spacing-right-small:1.92%;--awb-spacing-left-small:1.92%;\" data-scroll-devices=\"small-visibility,medium-visibility,large-visibility\"><div class=\"fusion-column-wrapper fusion-column-has-shadow fusion-flex-justify-content-center fusion-content-layout-column\"><div class=\"fusion-title title fusion-title-2 fusion-sep-none fusion-title-text fusion-title-size-three\" style=\"--awb-text-color:var(--awb-color1);\"><h3 class=\"fusion-title-heading title-heading-left fusion-responsive-typography-calculated\" style=\"margin:0;--fontSize:40;line-height:1;\">ARGO 3.0 et Smart Gateway<\/h3><\/div><div class=\"fusion-text fusion-text-3\" style=\"--awb-text-color:var(--awb-color1);\"><p>Argo 3.0 introduit une nouvelle g\u00e9n\u00e9ration de dispositifs intelligents dot\u00e9s de Bluetooth Smart 5.0 (\u00e9galement connu sous le nom de Bluetooth Low Energy 5.0 ou simplement BLE 5.0) et de la Smart Gateway. La technologie de pointe Bluetooth 5.0 permet \u00e0 la \u00a0\u00bb serrure intelligente \u00a0\u00bb d&rsquo;\u00e9tablir plusieurs connexions simultan\u00e9es : par exemple, pendant qu&rsquo;un membre de votre famille ouvre la porte avec son smartphone, la serrure peut se connecter \u00e0 la Smart Gateway et peut ainsi \u00eatre g\u00e9r\u00e9e \u00e0 distance, ce qui permet d&rsquo;ajouter, de modifier ou de supprimer des utilisateurs et de lire des \u00e9v\u00e9nements.<\/p>\n<\/div><div class=\"fusion-title title fusion-title-3 fusion-sep-none fusion-title-text fusion-title-size-four\" style=\"--awb-text-color:var(--awb-color1);\"><h4 class=\"fusion-title-heading title-heading-left fusion-responsive-typography-calculated\" style=\"margin:0;--fontSize:36;line-height:1;\">Gestion \u00e0 distance<\/h4><\/div><div class=\"fusion-text fusion-text-4\" style=\"--awb-text-color:var(--awb-color1);\"><p>Argo 3.0 combin\u00e9 \u00e0 la Smart Gateway et aux appareils Bluetooth Smart 5.0 permet d&rsquo;utiliser Argo \u00e0 distance : la fonctionnalit\u00e9 d&rsquo;Argo \u00e0 tout moment et en tout lieu.<\/p>\n<\/div><\/div><\/div><div class=\"fusion-layout-column fusion_builder_column fusion-builder-column-6 fusion_builder_column_1_1 1_1 fusion-flex-column\" style=\"--awb-bg-size:cover;--awb-width-large:100%;--awb-margin-top-large:0px;--awb-spacing-right-large:1.92%;--awb-margin-bottom-large:20px;--awb-spacing-left-large:1.92%;--awb-width-medium:100%;--awb-order-medium:0;--awb-spacing-right-medium:1.92%;--awb-spacing-left-medium:1.92%;--awb-width-small:100%;--awb-order-small:0;--awb-spacing-right-small:1.92%;--awb-spacing-left-small:1.92%;\"><div class=\"fusion-column-wrapper fusion-column-has-shadow fusion-flex-justify-content-flex-start fusion-content-layout-column\"><div class=\"fusion-separator fusion-full-width-sep\" style=\"align-self: center;margin-left: auto;margin-right: auto;margin-bottom:10%;width:100%;\"><\/div><\/div><\/div><div class=\"fusion-layout-column fusion_builder_column fusion-builder-column-7 fusion_builder_column_1_4 1_4 fusion-flex-column fusion-flex-align-self-center\" style=\"--awb-bg-size:cover;--awb-width-large:25%;--awb-margin-top-large:0px;--awb-spacing-right-large:7.68%;--awb-margin-bottom-large:20px;--awb-spacing-left-large:7.68%;--awb-width-medium:25%;--awb-order-medium:0;--awb-spacing-right-medium:7.68%;--awb-spacing-left-medium:7.68%;--awb-width-small:100%;--awb-order-small:0;--awb-spacing-right-small:1.92%;--awb-spacing-left-small:1.92%;\" data-scroll-devices=\"small-visibility,medium-visibility,large-visibility\"><div class=\"fusion-column-wrapper fusion-column-has-shadow fusion-flex-justify-content-center fusion-content-layout-column\"><div class=\"fusion-image-element \" style=\"text-align:center;--awb-caption-title-font-family:var(--h2_typography-font-family);--awb-caption-title-font-weight:var(--h2_typography-font-weight);--awb-caption-title-font-style:var(--h2_typography-font-style);--awb-caption-title-size:var(--h2_typography-font-size);--awb-caption-title-transform:var(--h2_typography-text-transform);--awb-caption-title-line-height:var(--h2_typography-line-height);--awb-caption-title-letter-spacing:var(--h2_typography-letter-spacing);\"><span class=\" fusion-imageframe imageframe-none imageframe-2 hover-type-none\"><img decoding=\"async\" width=\"700\" height=\"700\" title=\"elettronica 4\" src=\"https:\/\/www.icaporteblindate.it\/wp-content\/uploads\/2025\/04\/elettronica-4.webp\" alt class=\"img-responsive wp-image-6613\" srcset=\"https:\/\/www.icaporteblindate.it\/wp-content\/uploads\/2025\/04\/elettronica-4-66x66.webp 66w, https:\/\/www.icaporteblindate.it\/wp-content\/uploads\/2025\/04\/elettronica-4-150x150.webp 150w, https:\/\/www.icaporteblindate.it\/wp-content\/uploads\/2025\/04\/elettronica-4-200x200.webp 200w, https:\/\/www.icaporteblindate.it\/wp-content\/uploads\/2025\/04\/elettronica-4-300x300.webp 300w, https:\/\/www.icaporteblindate.it\/wp-content\/uploads\/2025\/04\/elettronica-4-400x400.webp 400w, https:\/\/www.icaporteblindate.it\/wp-content\/uploads\/2025\/04\/elettronica-4-600x600.webp 600w, https:\/\/www.icaporteblindate.it\/wp-content\/uploads\/2025\/04\/elettronica-4.webp 700w\" sizes=\"(max-width: 640px) 100vw, 400px\" \/><\/span><\/div><\/div><\/div><div class=\"fusion-layout-column fusion_builder_column fusion-builder-column-8 fusion_builder_column_3_4 3_4 fusion-flex-column fusion-flex-align-self-center\" style=\"--awb-bg-size:cover;--awb-width-large:75%;--awb-margin-top-large:0px;--awb-spacing-right-large:2.56%;--awb-margin-bottom-large:20px;--awb-spacing-left-large:2.56%;--awb-width-medium:75%;--awb-order-medium:0;--awb-spacing-right-medium:2.56%;--awb-spacing-left-medium:2.56%;--awb-width-small:100%;--awb-order-small:0;--awb-spacing-right-small:1.92%;--awb-spacing-left-small:1.92%;\" data-scroll-devices=\"small-visibility,medium-visibility,large-visibility\"><div class=\"fusion-column-wrapper fusion-column-has-shadow fusion-flex-justify-content-center fusion-content-layout-column\"><div class=\"fusion-title title fusion-title-4 fusion-sep-none fusion-title-text fusion-title-size-three\" style=\"--awb-text-color:var(--awb-color1);\"><h3 class=\"fusion-title-heading title-heading-left fusion-responsive-typography-calculated\" style=\"margin:0;--fontSize:40;line-height:1;\">D-SMART 2.0<\/h3><\/div><div class=\"fusion-text fusion-text-5\" style=\"--awb-text-color:var(--awb-color1);\"><p>D-smart 2.0 est un dispositif brevet\u00e9, une \u00ab\u00a0serrure intelligente motoris\u00e9e\u00a0\u00bb, qui permet d&rsquo;ouvrir et de fermer la serrure automatiquement via diff\u00e9rents dispositifs, sans utiliser de cl\u00e9. Compatible avec toutes les serrures \u00e0 cylindre europ\u00e9ennes avec tige de \u00d8 8 mm. <\/p>\n<p><strong>Utilisation :<\/strong> h\u00f4tel, b&amp;b, entreprise, magasin, bureau<br \/>\n<strong>Technologie<\/strong>: Bluetooth 5.0 BLE s\u00e9curis\u00e9 et crypt\u00e9<br \/>\n<strong>Fermeture automatique de toutes les serrures en tournant l&rsquo;entr\u00e9e.<br \/>\n<\/strong> Cryptage<strong>:<\/strong> Advanced Encryption Standard AES-128.<\/p>\n<p><strong>L&rsquo;application gratuite D-Smart 2.0 pour iOS et Android permet de g\u00e9rer et de planifier jusqu&rsquo;\u00e0 150 utilisateurs.<\/strong><\/p>\n<\/div><\/div><\/div><\/div><\/div><\/p>\n","protected":false},"excerpt":{"rendered":"","protected":false},"author":1,"featured_media":0,"parent":0,"menu_order":0,"comment_status":"closed","ping_status":"closed","template":"","meta":{"footnotes":""},"class_list":["post-6218","page","type-page","status-publish","hentry"],"yoast_head":"<!-- This site is optimized with the Yoast SEO plugin v26.1.1 - https:\/\/yoast.com\/wordpress\/plugins\/seo\/ -->\n<title>\u00c9lectronique - ICA<\/title>\n<meta name=\"robots\" content=\"index, follow, max-snippet:-1, max-image-preview:large, max-video-preview:-1\" \/>\n<link rel=\"canonical\" href=\"https:\/\/www.icaporteblindate.it\/elettronica\/\" \/>\n<meta property=\"og:locale\" content=\"fr_FR\" \/>\n<meta property=\"og:type\" content=\"article\" \/>\n<meta property=\"og:title\" content=\"\u00c9lectronique - ICA\" \/>\n<meta property=\"og:url\" content=\"https:\/\/www.icaporteblindate.it\/elettronica\/\" \/>\n<meta property=\"og:site_name\" content=\"ICA\" \/>\n<meta property=\"article:modified_time\" content=\"2025-10-01T07:31:56+00:00\" \/>\n<meta name=\"twitter:card\" content=\"summary_large_image\" \/>\n<meta name=\"twitter:label1\" content=\"Dur\u00e9e de lecture estim\u00e9e\" \/>\n\t<meta name=\"twitter:data1\" content=\"41 minutes\" \/>\n<script type=\"application\/ld+json\" class=\"yoast-schema-graph\">{\"@context\":\"https:\/\/schema.org\",\"@graph\":[{\"@type\":\"WebPage\",\"@id\":\"https:\/\/www.icaporteblindate.it\/elettronica\/\",\"url\":\"https:\/\/www.icaporteblindate.it\/elettronica\/\",\"name\":\"\u00c9lectronique - ICA\",\"isPartOf\":{\"@id\":\"https:\/\/www.icaporteblindate.it\/#website\"},\"datePublished\":\"2025-04-01T07:39:19+00:00\",\"dateModified\":\"2025-10-01T07:31:56+00:00\",\"breadcrumb\":{\"@id\":\"https:\/\/www.icaporteblindate.it\/elettronica\/#breadcrumb\"},\"inLanguage\":\"fr-FR\",\"potentialAction\":[{\"@type\":\"ReadAction\",\"target\":[\"https:\/\/www.icaporteblindate.it\/elettronica\/\"]}]},{\"@type\":\"BreadcrumbList\",\"@id\":\"https:\/\/www.icaporteblindate.it\/elettronica\/#breadcrumb\",\"itemListElement\":[{\"@type\":\"ListItem\",\"position\":1,\"name\":\"Home\",\"item\":\"https:\/\/www.icaporteblindate.it\/fr\/\"},{\"@type\":\"ListItem\",\"position\":2,\"name\":\"\u00c9lectronique\"}]},{\"@type\":\"WebSite\",\"@id\":\"https:\/\/www.icaporteblindate.it\/#website\",\"url\":\"https:\/\/www.icaporteblindate.it\/\",\"name\":\"ICA\",\"description\":\"Porte blindate\",\"publisher\":{\"@id\":\"https:\/\/www.icaporteblindate.it\/#organization\"},\"potentialAction\":[{\"@type\":\"SearchAction\",\"target\":{\"@type\":\"EntryPoint\",\"urlTemplate\":\"https:\/\/www.icaporteblindate.it\/?s={search_term_string}\"},\"query-input\":{\"@type\":\"PropertyValueSpecification\",\"valueRequired\":true,\"valueName\":\"search_term_string\"}}],\"inLanguage\":\"fr-FR\"},{\"@type\":\"Organization\",\"@id\":\"https:\/\/www.icaporteblindate.it\/#organization\",\"name\":\"ICA\",\"url\":\"https:\/\/www.icaporteblindate.it\/\",\"logo\":{\"@type\":\"ImageObject\",\"inLanguage\":\"fr-FR\",\"@id\":\"https:\/\/www.icaporteblindate.it\/#\/schema\/logo\/image\/\",\"url\":\"https:\/\/www.icaporteblindate.it\/wp-content\/uploads\/2025\/10\/logo-positivo.webp\",\"contentUrl\":\"https:\/\/www.icaporteblindate.it\/wp-content\/uploads\/2025\/10\/logo-positivo.webp\",\"width\":321,\"height\":136,\"caption\":\"ICA\"},\"image\":{\"@id\":\"https:\/\/www.icaporteblindate.it\/#\/schema\/logo\/image\/\"}}]}<\/script>\n<!-- \/ Yoast SEO plugin. -->","yoast_head_json":{"title":"\u00c9lectronique - ICA","robots":{"index":"index","follow":"follow","max-snippet":"max-snippet:-1","max-image-preview":"max-image-preview:large","max-video-preview":"max-video-preview:-1"},"canonical":"https:\/\/www.icaporteblindate.it\/elettronica\/","og_locale":"fr_FR","og_type":"article","og_title":"\u00c9lectronique - ICA","og_url":"https:\/\/www.icaporteblindate.it\/elettronica\/","og_site_name":"ICA","article_modified_time":"2025-10-01T07:31:56+00:00","twitter_card":"summary_large_image","twitter_misc":{"Dur\u00e9e de lecture estim\u00e9e":"41 minutes"},"schema":{"@context":"https:\/\/schema.org","@graph":[{"@type":"WebPage","@id":"https:\/\/www.icaporteblindate.it\/elettronica\/","url":"https:\/\/www.icaporteblindate.it\/elettronica\/","name":"\u00c9lectronique - ICA","isPartOf":{"@id":"https:\/\/www.icaporteblindate.it\/#website"},"datePublished":"2025-04-01T07:39:19+00:00","dateModified":"2025-10-01T07:31:56+00:00","breadcrumb":{"@id":"https:\/\/www.icaporteblindate.it\/elettronica\/#breadcrumb"},"inLanguage":"fr-FR","potentialAction":[{"@type":"ReadAction","target":["https:\/\/www.icaporteblindate.it\/elettronica\/"]}]},{"@type":"BreadcrumbList","@id":"https:\/\/www.icaporteblindate.it\/elettronica\/#breadcrumb","itemListElement":[{"@type":"ListItem","position":1,"name":"Home","item":"https:\/\/www.icaporteblindate.it\/fr\/"},{"@type":"ListItem","position":2,"name":"\u00c9lectronique"}]},{"@type":"WebSite","@id":"https:\/\/www.icaporteblindate.it\/#website","url":"https:\/\/www.icaporteblindate.it\/","name":"ICA","description":"Porte blindate","publisher":{"@id":"https:\/\/www.icaporteblindate.it\/#organization"},"potentialAction":[{"@type":"SearchAction","target":{"@type":"EntryPoint","urlTemplate":"https:\/\/www.icaporteblindate.it\/?s={search_term_string}"},"query-input":{"@type":"PropertyValueSpecification","valueRequired":true,"valueName":"search_term_string"}}],"inLanguage":"fr-FR"},{"@type":"Organization","@id":"https:\/\/www.icaporteblindate.it\/#organization","name":"ICA","url":"https:\/\/www.icaporteblindate.it\/","logo":{"@type":"ImageObject","inLanguage":"fr-FR","@id":"https:\/\/www.icaporteblindate.it\/#\/schema\/logo\/image\/","url":"https:\/\/www.icaporteblindate.it\/wp-content\/uploads\/2025\/10\/logo-positivo.webp","contentUrl":"https:\/\/www.icaporteblindate.it\/wp-content\/uploads\/2025\/10\/logo-positivo.webp","width":321,"height":136,"caption":"ICA"},"image":{"@id":"https:\/\/www.icaporteblindate.it\/#\/schema\/logo\/image\/"}}]}},"_links":{"self":[{"href":"https:\/\/www.icaporteblindate.it\/fr\/wp-json\/wp\/v2\/pages\/6218","targetHints":{"allow":["GET"]}}],"collection":[{"href":"https:\/\/www.icaporteblindate.it\/fr\/wp-json\/wp\/v2\/pages"}],"about":[{"href":"https:\/\/www.icaporteblindate.it\/fr\/wp-json\/wp\/v2\/types\/page"}],"author":[{"embeddable":true,"href":"https:\/\/www.icaporteblindate.it\/fr\/wp-json\/wp\/v2\/users\/1"}],"replies":[{"embeddable":true,"href":"https:\/\/www.icaporteblindate.it\/fr\/wp-json\/wp\/v2\/comments?post=6218"}],"version-history":[{"count":70,"href":"https:\/\/www.icaporteblindate.it\/fr\/wp-json\/wp\/v2\/pages\/6218\/revisions"}],"predecessor-version":[{"id":9754,"href":"https:\/\/www.icaporteblindate.it\/fr\/wp-json\/wp\/v2\/pages\/6218\/revisions\/9754"}],"wp:attachment":[{"href":"https:\/\/www.icaporteblindate.it\/fr\/wp-json\/wp\/v2\/media?parent=6218"}],"curies":[{"name":"wp","href":"https:\/\/api.w.org\/{rel}","templated":true}]}}