{"id":6174,"date":"2025-04-01T09:34:02","date_gmt":"2025-04-01T07:34:02","guid":{"rendered":"https:\/\/www.icaporteblindate.it\/serrures\/"},"modified":"2025-09-30T17:14:24","modified_gmt":"2025-09-30T15:14:24","slug":"serrures","status":"publish","type":"page","link":"https:\/\/www.icaporteblindate.it\/fr\/serrures\/","title":{"rendered":"Serrures"},"content":{"rendered":"<p><div class=\"fusion-fullwidth fullwidth-box fusion-builder-row-1 fusion-flex-container has-pattern-background has-mask-background nonhundred-percent-fullwidth non-hundred-percent-height-scrolling\" style=\"--awb-background-position:right center;--awb-border-radius-top-left:0px;--awb-border-radius-top-right:0px;--awb-border-radius-bottom-right:0px;--awb-border-radius-bottom-left:0px;--awb-background-color:var(--awb-custom_color_10);--awb-background-size:200px;--awb-flex-wrap:wrap;\" ><div class=\"fusion-builder-row fusion-row fusion-flex-align-items-flex-start fusion-flex-content-wrap\" style=\"max-width:1456px;margin-left: calc(-4% \/ 2 );margin-right: calc(-4% \/ 2 );\"><div class=\"fusion-layout-column fusion_builder_column fusion-builder-column-0 fusion_builder_column_1_1 1_1 fusion-flex-column\" style=\"--awb-bg-size:cover;--awb-width-large:100%;--awb-margin-top-large:0px;--awb-spacing-right-large:1.92%;--awb-margin-bottom-large:20px;--awb-spacing-left-large:1.92%;--awb-width-medium:100%;--awb-order-medium:0;--awb-spacing-right-medium:1.92%;--awb-spacing-left-medium:1.92%;--awb-width-small:100%;--awb-order-small:0;--awb-spacing-right-small:1.92%;--awb-spacing-left-small:1.92%;\" data-scroll-devices=\"small-visibility,medium-visibility,large-visibility\"><div class=\"fusion-column-wrapper fusion-column-has-shadow fusion-flex-justify-content-center fusion-content-layout-column\"><div class=\"fusion-text fusion-text-1 fusion-text-no-margin\" style=\"--awb-content-alignment:justify;--awb-text-color:var(--awb-color1);--awb-margin-bottom:5%;\"><p>Les serrures de s\u00e9curit\u00e9 ICA ne sont pas seulement un m\u00e9canisme de verrouillage, mais le c\u0153ur de la s\u00e9curit\u00e9 domestique. Con\u00e7ues avec une technologie avanc\u00e9e, elles offrent une protection maximale contre les effractions. Fiables et robustes, elles garantissent facilit\u00e9 d&rsquo;utilisation et durabilit\u00e9.<\/p>\n<\/div><\/div><\/div><\/div><\/div><div class=\"fusion-fullwidth fullwidth-box fusion-builder-row-2 fusion-flex-container has-pattern-background has-mask-background nonhundred-percent-fullwidth non-hundred-percent-height-scrolling\" style=\"--awb-background-position:right center;--awb-border-radius-top-left:0px;--awb-border-radius-top-right:0px;--awb-border-radius-bottom-right:0px;--awb-border-radius-bottom-left:0px;--awb-padding-bottom:5%;--awb-background-color:var(--awb-custom_color_10);--awb-background-size:200px;--awb-flex-wrap:wrap;\" ><div class=\"fusion-builder-row fusion-row fusion-flex-align-items-flex-start fusion-flex-justify-content-center fusion-flex-content-wrap\" style=\"max-width:1456px;margin-left: calc(-4% \/ 2 );margin-right: calc(-4% \/ 2 );\"><div class=\"fusion-layout-column fusion_builder_column fusion-builder-column-1 fusion_builder_column_1_1 1_1 fusion-flex-column\" style=\"--awb-bg-size:cover;--awb-width-large:100%;--awb-margin-top-large:0px;--awb-spacing-right-large:1.92%;--awb-margin-bottom-large:10%;--awb-spacing-left-large:1.92%;--awb-width-medium:100%;--awb-order-medium:0;--awb-spacing-right-medium:1.92%;--awb-spacing-left-medium:1.92%;--awb-width-small:100%;--awb-order-small:0;--awb-spacing-right-small:1.92%;--awb-spacing-left-small:1.92%;\" id=\"lisci\" data-scroll-devices=\"small-visibility,medium-visibility,large-visibility\"><div class=\"fusion-column-wrapper fusion-column-has-shadow fusion-flex-justify-content-flex-start fusion-content-layout-column\"><div class=\"awb-gallery-wrapper awb-gallery-wrapper-1 button-span-no\" style=\"--more-btn-alignment:center;\"><div style=\"margin:-30px;--awb-bordersize:0px;--awb-caption-title-color:var(--awb-color1);--awb-caption-text-color:var(--awb-color1);--awb-caption-margin-top:5%;--awb-columns-small:50%;\" class=\"fusion-gallery fusion-gallery-container fusion-grid-5 fusion-columns-total-5 fusion-gallery-layout-grid fusion-gallery-1\"><div style=\"padding:30px;\" class=\"fusion-grid-column fusion-gallery-column fusion-gallery-column-5 hover-type-none awb-imageframe-style awb-imageframe-style-below awb-imageframe-style-1\"><div class=\"fusion-gallery-image\"><img decoding=\"async\" src=\"https:\/\/www.icaporteblindate.it\/wp-content\/uploads\/2025\/04\/serrature-1.webp\" width=\"850\" height=\"600\" alt=\"\" title=\"serrature 1\" aria-label=\"serrature 1\" class=\"img-responsive wp-image-6245\" srcset=\"https:\/\/www.icaporteblindate.it\/wp-content\/uploads\/2025\/04\/serrature-1-200x141.webp 200w, https:\/\/www.icaporteblindate.it\/wp-content\/uploads\/2025\/04\/serrature-1-300x212.webp 300w, https:\/\/www.icaporteblindate.it\/wp-content\/uploads\/2025\/04\/serrature-1-400x282.webp 400w, https:\/\/www.icaporteblindate.it\/wp-content\/uploads\/2025\/04\/serrature-1-600x424.webp 600w, https:\/\/www.icaporteblindate.it\/wp-content\/uploads\/2025\/04\/serrature-1-768x542.webp 768w, https:\/\/www.icaporteblindate.it\/wp-content\/uploads\/2025\/04\/serrature-1-800x565.webp 800w, https:\/\/www.icaporteblindate.it\/wp-content\/uploads\/2025\/04\/serrature-1.webp 850w\" sizes=\"(min-width: 2200px) 100vw, (min-width: 928px) 256px, (min-width: 856px) 320px, (min-width: 784px) 427px, (min-width: 712px) 640px, (min-width: 640px) 712px, \" \/><\/div><div class=\"awb-imageframe-caption-container\"><div class=\"awb-imageframe-caption\"><h4 class=\"awb-imageframe-caption-title\">Serrure \u00e0 engrenage avec cylindre europ\u00e9en<\/h4><\/div><\/div><\/div><div style=\"padding:30px;\" class=\"fusion-grid-column fusion-gallery-column fusion-gallery-column-5 hover-type-none awb-imageframe-style awb-imageframe-style-below awb-imageframe-style-1\"><div class=\"fusion-gallery-image\"><img decoding=\"async\" src=\"https:\/\/www.icaporteblindate.it\/wp-content\/uploads\/2025\/04\/serrature-2.webp\" width=\"850\" height=\"600\" alt=\"\" title=\"serrature 2\" aria-label=\"serrature 2\" class=\"img-responsive wp-image-6257\" srcset=\"https:\/\/www.icaporteblindate.it\/wp-content\/uploads\/2025\/04\/serrature-2-200x141.webp 200w, https:\/\/www.icaporteblindate.it\/wp-content\/uploads\/2025\/04\/serrature-2-300x212.webp 300w, https:\/\/www.icaporteblindate.it\/wp-content\/uploads\/2025\/04\/serrature-2-400x282.webp 400w, https:\/\/www.icaporteblindate.it\/wp-content\/uploads\/2025\/04\/serrature-2-600x424.webp 600w, https:\/\/www.icaporteblindate.it\/wp-content\/uploads\/2025\/04\/serrature-2-768x542.webp 768w, https:\/\/www.icaporteblindate.it\/wp-content\/uploads\/2025\/04\/serrature-2-800x565.webp 800w, https:\/\/www.icaporteblindate.it\/wp-content\/uploads\/2025\/04\/serrature-2.webp 850w\" sizes=\"(min-width: 2200px) 100vw, (min-width: 928px) 256px, (min-width: 856px) 320px, (min-width: 784px) 427px, (min-width: 712px) 640px, (min-width: 640px) 712px, \" \/><\/div><div class=\"awb-imageframe-caption-container\"><div class=\"awb-imageframe-caption\"><h4 class=\"awb-imageframe-caption-title\">Serrure \u00e0 pignon avec cylindre europ\u00e9en avec serrure Securtina<\/h4><\/div><\/div><\/div><div style=\"padding:30px;\" class=\"fusion-grid-column fusion-gallery-column fusion-gallery-column-5 hover-type-none awb-imageframe-style awb-imageframe-style-below awb-imageframe-style-1\"><div class=\"fusion-gallery-image\"><img decoding=\"async\" src=\"https:\/\/www.icaporteblindate.it\/wp-content\/uploads\/2025\/04\/serrature-3.webp\" width=\"850\" height=\"600\" alt=\"\" title=\"serrature 3\" aria-label=\"serrature 3\" class=\"img-responsive wp-image-6254\" srcset=\"https:\/\/www.icaporteblindate.it\/wp-content\/uploads\/2025\/04\/serrature-3-200x141.webp 200w, https:\/\/www.icaporteblindate.it\/wp-content\/uploads\/2025\/04\/serrature-3-300x212.webp 300w, https:\/\/www.icaporteblindate.it\/wp-content\/uploads\/2025\/04\/serrature-3-400x282.webp 400w, https:\/\/www.icaporteblindate.it\/wp-content\/uploads\/2025\/04\/serrature-3-600x424.webp 600w, https:\/\/www.icaporteblindate.it\/wp-content\/uploads\/2025\/04\/serrature-3-768x542.webp 768w, https:\/\/www.icaporteblindate.it\/wp-content\/uploads\/2025\/04\/serrature-3-800x565.webp 800w, https:\/\/www.icaporteblindate.it\/wp-content\/uploads\/2025\/04\/serrature-3.webp 850w\" sizes=\"(min-width: 2200px) 100vw, (min-width: 928px) 256px, (min-width: 856px) 320px, (min-width: 784px) 427px, (min-width: 712px) 640px, (min-width: 640px) 712px, \" \/><\/div><div class=\"awb-imageframe-caption-container\"><div class=\"awb-imageframe-caption\"><h4 class=\"awb-imageframe-caption-title\">Serrure \u00e0 pignon avec double cylindre europ\u00e9en<\/h4><\/div><\/div><\/div><div style=\"padding:30px;\" class=\"fusion-grid-column fusion-gallery-column fusion-gallery-column-5 hover-type-none awb-imageframe-style awb-imageframe-style-below awb-imageframe-style-1\"><div class=\"fusion-gallery-image\"><img decoding=\"async\" src=\"https:\/\/www.icaporteblindate.it\/wp-content\/uploads\/2025\/04\/serrature-4.webp\" width=\"850\" height=\"600\" alt=\"\" title=\"serrature 4\" aria-label=\"serrature 4\" class=\"img-responsive wp-image-6251\" srcset=\"https:\/\/www.icaporteblindate.it\/wp-content\/uploads\/2025\/04\/serrature-4-200x141.webp 200w, https:\/\/www.icaporteblindate.it\/wp-content\/uploads\/2025\/04\/serrature-4-300x212.webp 300w, https:\/\/www.icaporteblindate.it\/wp-content\/uploads\/2025\/04\/serrature-4-400x282.webp 400w, https:\/\/www.icaporteblindate.it\/wp-content\/uploads\/2025\/04\/serrature-4-600x424.webp 600w, https:\/\/www.icaporteblindate.it\/wp-content\/uploads\/2025\/04\/serrature-4-768x542.webp 768w, https:\/\/www.icaporteblindate.it\/wp-content\/uploads\/2025\/04\/serrature-4-800x565.webp 800w, https:\/\/www.icaporteblindate.it\/wp-content\/uploads\/2025\/04\/serrature-4.webp 850w\" sizes=\"(min-width: 2200px) 100vw, (min-width: 928px) 256px, (min-width: 856px) 320px, (min-width: 784px) 427px, (min-width: 712px) 640px, (min-width: 640px) 712px, \" \/><\/div><div class=\"awb-imageframe-caption-container\"><div class=\"awb-imageframe-caption\"><h4 class=\"awb-imageframe-caption-title\">Serrure \u00e0 engrenage avec cylindre europ\u00e9en et plaque de rupture en acier<\/h4><\/div><\/div><\/div><div style=\"padding:30px;\" class=\"fusion-grid-column fusion-gallery-column fusion-gallery-column-5 hover-type-none awb-imageframe-style awb-imageframe-style-below awb-imageframe-style-1\"><div class=\"fusion-gallery-image\"><img decoding=\"async\" src=\"https:\/\/www.icaporteblindate.it\/wp-content\/uploads\/2025\/04\/serrature-5.webp\" width=\"850\" height=\"600\" alt=\"\" title=\"serrature 5\" aria-label=\"serrature 5\" class=\"img-responsive wp-image-6248\" srcset=\"https:\/\/www.icaporteblindate.it\/wp-content\/uploads\/2025\/04\/serrature-5-200x141.webp 200w, https:\/\/www.icaporteblindate.it\/wp-content\/uploads\/2025\/04\/serrature-5-300x212.webp 300w, https:\/\/www.icaporteblindate.it\/wp-content\/uploads\/2025\/04\/serrature-5-400x282.webp 400w, https:\/\/www.icaporteblindate.it\/wp-content\/uploads\/2025\/04\/serrature-5-600x424.webp 600w, https:\/\/www.icaporteblindate.it\/wp-content\/uploads\/2025\/04\/serrature-5-768x542.webp 768w, https:\/\/www.icaporteblindate.it\/wp-content\/uploads\/2025\/04\/serrature-5-800x565.webp 800w, https:\/\/www.icaporteblindate.it\/wp-content\/uploads\/2025\/04\/serrature-5.webp 850w\" sizes=\"(min-width: 2200px) 100vw, (min-width: 928px) 256px, (min-width: 856px) 320px, (min-width: 784px) 427px, (min-width: 712px) 640px, (min-width: 640px) 712px, \" \/><\/div><div class=\"awb-imageframe-caption-container\"><div class=\"awb-imageframe-caption\"><h4 class=\"awb-imageframe-caption-title\">G\u00e2che \u00e9lectrique (non disponible pour la serrure de service)<\/h4><\/div><\/div><\/div><div class=\"clearfix\"><\/div><\/div><\/div><\/div><\/div><\/div><\/div><\/p>\n","protected":false},"excerpt":{"rendered":"","protected":false},"author":1,"featured_media":0,"parent":0,"menu_order":0,"comment_status":"closed","ping_status":"closed","template":"","meta":{"footnotes":""},"class_list":["post-6174","page","type-page","status-publish","hentry"],"yoast_head":"<!-- This site is optimized with the Yoast SEO plugin v26.1.1 - https:\/\/yoast.com\/wordpress\/plugins\/seo\/ -->\n<title>Serrures - ICA<\/title>\n<meta name=\"robots\" content=\"index, follow, max-snippet:-1, max-image-preview:large, max-video-preview:-1\" \/>\n<link rel=\"canonical\" href=\"https:\/\/www.icaporteblindate.it\/serrature\/\" \/>\n<meta property=\"og:locale\" content=\"fr_FR\" \/>\n<meta property=\"og:type\" content=\"article\" \/>\n<meta property=\"og:title\" content=\"Serrures - ICA\" \/>\n<meta property=\"og:url\" content=\"https:\/\/www.icaporteblindate.it\/serrature\/\" \/>\n<meta property=\"og:site_name\" content=\"ICA\" \/>\n<meta property=\"article:modified_time\" content=\"2025-09-30T15:14:24+00:00\" \/>\n<meta name=\"twitter:card\" content=\"summary_large_image\" \/>\n<meta name=\"twitter:label1\" content=\"Dur\u00e9e de lecture estim\u00e9e\" \/>\n\t<meta name=\"twitter:data1\" content=\"13 minutes\" \/>\n<script type=\"application\/ld+json\" class=\"yoast-schema-graph\">{\"@context\":\"https:\/\/schema.org\",\"@graph\":[{\"@type\":\"WebPage\",\"@id\":\"https:\/\/www.icaporteblindate.it\/serrature\/\",\"url\":\"https:\/\/www.icaporteblindate.it\/serrature\/\",\"name\":\"Serrures - ICA\",\"isPartOf\":{\"@id\":\"https:\/\/www.icaporteblindate.it\/#website\"},\"datePublished\":\"2025-04-01T07:34:02+00:00\",\"dateModified\":\"2025-09-30T15:14:24+00:00\",\"breadcrumb\":{\"@id\":\"https:\/\/www.icaporteblindate.it\/serrature\/#breadcrumb\"},\"inLanguage\":\"fr-FR\",\"potentialAction\":[{\"@type\":\"ReadAction\",\"target\":[\"https:\/\/www.icaporteblindate.it\/serrature\/\"]}]},{\"@type\":\"BreadcrumbList\",\"@id\":\"https:\/\/www.icaporteblindate.it\/serrature\/#breadcrumb\",\"itemListElement\":[{\"@type\":\"ListItem\",\"position\":1,\"name\":\"Home\",\"item\":\"https:\/\/www.icaporteblindate.it\/fr\/\"},{\"@type\":\"ListItem\",\"position\":2,\"name\":\"Serrures\"}]},{\"@type\":\"WebSite\",\"@id\":\"https:\/\/www.icaporteblindate.it\/#website\",\"url\":\"https:\/\/www.icaporteblindate.it\/\",\"name\":\"ICA\",\"description\":\"Porte blindate\",\"publisher\":{\"@id\":\"https:\/\/www.icaporteblindate.it\/#organization\"},\"potentialAction\":[{\"@type\":\"SearchAction\",\"target\":{\"@type\":\"EntryPoint\",\"urlTemplate\":\"https:\/\/www.icaporteblindate.it\/?s={search_term_string}\"},\"query-input\":{\"@type\":\"PropertyValueSpecification\",\"valueRequired\":true,\"valueName\":\"search_term_string\"}}],\"inLanguage\":\"fr-FR\"},{\"@type\":\"Organization\",\"@id\":\"https:\/\/www.icaporteblindate.it\/#organization\",\"name\":\"ICA\",\"url\":\"https:\/\/www.icaporteblindate.it\/\",\"logo\":{\"@type\":\"ImageObject\",\"inLanguage\":\"fr-FR\",\"@id\":\"https:\/\/www.icaporteblindate.it\/#\/schema\/logo\/image\/\",\"url\":\"https:\/\/www.icaporteblindate.it\/wp-content\/uploads\/2025\/10\/logo-positivo.webp\",\"contentUrl\":\"https:\/\/www.icaporteblindate.it\/wp-content\/uploads\/2025\/10\/logo-positivo.webp\",\"width\":321,\"height\":136,\"caption\":\"ICA\"},\"image\":{\"@id\":\"https:\/\/www.icaporteblindate.it\/#\/schema\/logo\/image\/\"}}]}<\/script>\n<!-- \/ Yoast SEO plugin. -->","yoast_head_json":{"title":"Serrures - ICA","robots":{"index":"index","follow":"follow","max-snippet":"max-snippet:-1","max-image-preview":"max-image-preview:large","max-video-preview":"max-video-preview:-1"},"canonical":"https:\/\/www.icaporteblindate.it\/serrature\/","og_locale":"fr_FR","og_type":"article","og_title":"Serrures - ICA","og_url":"https:\/\/www.icaporteblindate.it\/serrature\/","og_site_name":"ICA","article_modified_time":"2025-09-30T15:14:24+00:00","twitter_card":"summary_large_image","twitter_misc":{"Dur\u00e9e de lecture estim\u00e9e":"13 minutes"},"schema":{"@context":"https:\/\/schema.org","@graph":[{"@type":"WebPage","@id":"https:\/\/www.icaporteblindate.it\/serrature\/","url":"https:\/\/www.icaporteblindate.it\/serrature\/","name":"Serrures - ICA","isPartOf":{"@id":"https:\/\/www.icaporteblindate.it\/#website"},"datePublished":"2025-04-01T07:34:02+00:00","dateModified":"2025-09-30T15:14:24+00:00","breadcrumb":{"@id":"https:\/\/www.icaporteblindate.it\/serrature\/#breadcrumb"},"inLanguage":"fr-FR","potentialAction":[{"@type":"ReadAction","target":["https:\/\/www.icaporteblindate.it\/serrature\/"]}]},{"@type":"BreadcrumbList","@id":"https:\/\/www.icaporteblindate.it\/serrature\/#breadcrumb","itemListElement":[{"@type":"ListItem","position":1,"name":"Home","item":"https:\/\/www.icaporteblindate.it\/fr\/"},{"@type":"ListItem","position":2,"name":"Serrures"}]},{"@type":"WebSite","@id":"https:\/\/www.icaporteblindate.it\/#website","url":"https:\/\/www.icaporteblindate.it\/","name":"ICA","description":"Porte blindate","publisher":{"@id":"https:\/\/www.icaporteblindate.it\/#organization"},"potentialAction":[{"@type":"SearchAction","target":{"@type":"EntryPoint","urlTemplate":"https:\/\/www.icaporteblindate.it\/?s={search_term_string}"},"query-input":{"@type":"PropertyValueSpecification","valueRequired":true,"valueName":"search_term_string"}}],"inLanguage":"fr-FR"},{"@type":"Organization","@id":"https:\/\/www.icaporteblindate.it\/#organization","name":"ICA","url":"https:\/\/www.icaporteblindate.it\/","logo":{"@type":"ImageObject","inLanguage":"fr-FR","@id":"https:\/\/www.icaporteblindate.it\/#\/schema\/logo\/image\/","url":"https:\/\/www.icaporteblindate.it\/wp-content\/uploads\/2025\/10\/logo-positivo.webp","contentUrl":"https:\/\/www.icaporteblindate.it\/wp-content\/uploads\/2025\/10\/logo-positivo.webp","width":321,"height":136,"caption":"ICA"},"image":{"@id":"https:\/\/www.icaporteblindate.it\/#\/schema\/logo\/image\/"}}]}},"_links":{"self":[{"href":"https:\/\/www.icaporteblindate.it\/fr\/wp-json\/wp\/v2\/pages\/6174","targetHints":{"allow":["GET"]}}],"collection":[{"href":"https:\/\/www.icaporteblindate.it\/fr\/wp-json\/wp\/v2\/pages"}],"about":[{"href":"https:\/\/www.icaporteblindate.it\/fr\/wp-json\/wp\/v2\/types\/page"}],"author":[{"embeddable":true,"href":"https:\/\/www.icaporteblindate.it\/fr\/wp-json\/wp\/v2\/users\/1"}],"replies":[{"embeddable":true,"href":"https:\/\/www.icaporteblindate.it\/fr\/wp-json\/wp\/v2\/comments?post=6174"}],"version-history":[{"count":76,"href":"https:\/\/www.icaporteblindate.it\/fr\/wp-json\/wp\/v2\/pages\/6174\/revisions"}],"predecessor-version":[{"id":9470,"href":"https:\/\/www.icaporteblindate.it\/fr\/wp-json\/wp\/v2\/pages\/6174\/revisions\/9470"}],"wp:attachment":[{"href":"https:\/\/www.icaporteblindate.it\/fr\/wp-json\/wp\/v2\/media?parent=6174"}],"curies":[{"name":"wp","href":"https:\/\/api.w.org\/{rel}","templated":true}]}}