{"id":3727,"date":"2024-12-11T10:51:44","date_gmt":"2024-12-11T09:51:44","guid":{"rendered":"https:\/\/www.icaporteblindate.it\/vie-privee\/"},"modified":"2025-01-21T10:54:18","modified_gmt":"2025-01-21T09:54:18","slug":"vie-privee","status":"publish","type":"page","link":"https:\/\/www.icaporteblindate.it\/fr\/vie-privee\/","title":{"rendered":"Vie priv\u00e9e"},"content":{"rendered":"<div class=\"fusion-fullwidth fullwidth-box fusion-builder-row-1 fusion-flex-container nonhundred-percent-fullwidth non-hundred-percent-height-scrolling\" style=\"--awb-border-radius-top-left:0px;--awb-border-radius-top-right:0px;--awb-border-radius-bottom-right:0px;--awb-border-radius-bottom-left:0px;--awb-flex-wrap:wrap;\" ><div class=\"fusion-builder-row fusion-row fusion-flex-align-items-flex-start fusion-flex-content-wrap\" style=\"max-width:1456px;margin-left: calc(-4% \/ 2 );margin-right: calc(-4% \/ 2 );\"><div class=\"fusion-layout-column fusion_builder_column fusion-builder-column-0 fusion_builder_column_1_1 1_1 fusion-flex-column\" style=\"--awb-bg-size:cover;--awb-width-large:100%;--awb-margin-top-large:0px;--awb-spacing-right-large:1.92%;--awb-margin-bottom-large:0px;--awb-spacing-left-large:1.92%;--awb-width-medium:100%;--awb-spacing-right-medium:1.92%;--awb-spacing-left-medium:1.92%;--awb-width-small:100%;--awb-spacing-right-small:1.92%;--awb-spacing-left-small:1.92%;\"><div class=\"fusion-column-wrapper fusion-flex-justify-content-flex-start fusion-content-layout-column\"><div class=\"fusion-text fusion-text-1\"><h3 class=\"\" data-fontsize=\"28\" data-lineheight=\"36.4px\">Informations<\/h3>\n<p><strong>Conform\u00e9ment aux obligations d\u00e9coulant du nouveau R\u00e8glement g\u00e9n\u00e9ral sur la protection des donn\u00e9es (R\u00e8glement UE n\u00b0 679\/2016, dit GDPR) et conform\u00e9ment \u00e0 la l\u00e9gislation sur la protection de la vie priv\u00e9e, afin de rendre les activit\u00e9s du site aussi transparentes que possible, cette section vise \u00e0 informer l&rsquo;utilisateur sur la fa\u00e7on dont ses donn\u00e9es personnelles sont collect\u00e9es et trait\u00e9es.<\/strong><\/p>\n<p>Selon la l\u00e9gislation sur la protection de la vie priv\u00e9e, les donn\u00e9es \u00e0 caract\u00e8re personnel d\u00e9signent toute information qui identifie (ou permet d&rsquo;identifier, directement ou indirectement) une personne physique : le nom, l&rsquo;adresse, le num\u00e9ro d&rsquo;identification, l&rsquo;identifiant en ligne (par exemple l&rsquo;adresse IP), un ou plusieurs \u00e9l\u00e9ments caract\u00e9ristiques de l&rsquo;identit\u00e9 physique, physiologique, g\u00e9n\u00e9tique, psychique, \u00e9conomique, culturelle et sociale d&rsquo;une personne sont consid\u00e9r\u00e9s comme des donn\u00e9es \u00e0 caract\u00e8re personnel.<\/p>\n<p>On entend par traitement toute op\u00e9ration (ou ensemble d&rsquo;op\u00e9rations) appliqu\u00e9e \u00e0 des donn\u00e9es \u00e0 caract\u00e8re personnel conform\u00e9ment \u00e0 la l\u00e9gislation relative \u00e0 la protection de la vie priv\u00e9e, telle que la collecte, l&rsquo;enregistrement, l&rsquo;organisation, la structuration, l&rsquo;adaptation ou la modification, la conservation, la consultation, l&rsquo;utilisation, l&rsquo;effacement et la destruction.<\/p>\n<h3 class=\"\" data-fontsize=\"28\" data-lineheight=\"36.4px\">Propri\u00e9t\u00e9 et responsabilit\u00e9 du traitement des donn\u00e9es<\/h3>\n<p>Le contr\u00f4leur des donn\u00e9es (et le processeur des donn\u00e9es) est ICA Porte armorate S.r.l. &#8211; P.Iva : 01861220604 &#8211; Viale Benedetto Miele, Zona industriale Via Ausonia, km 4 &#8211; Pignataro Interamna (FR)<\/p>\n<h3 class=\"\" data-fontsize=\"28\" data-lineheight=\"36.4px\">Finalit\u00e9 du traitement<\/h3>\n<p>Sur le site, les donn\u00e9es personnelles sont collect\u00e9es conform\u00e9ment \u00e0 la loi sur la protection de la vie priv\u00e9e afin de r\u00e9pondre aux objectifs suivants :<\/p>\n<ul>\n<li>permettre la navigation et la consultation du site<\/li>\n<li>remplir les obligations l\u00e9gales pr\u00e9vues par la l\u00e9gislation nationale et europ\u00e9enne<\/li>\n<li>assurer la s\u00e9curit\u00e9 du site et pr\u00e9venir les comportements illicites et frauduleux, en se r\u00e9servant le droit de prendre toutes les mesures appropri\u00e9es pour sa propre protection et celle des tiers<\/li>\n<\/ul>\n<h3 class=\"\" data-fontsize=\"28\" data-lineheight=\"36.4px\">Objet du traitement pour la protection de la vie priv\u00e9e<\/h3>\n<p>Lors de la navigation, le site collecte les donn\u00e9es personnelles suivantes :<\/p>\n<p>D<strong>onn\u00e9es de navigation<\/strong> Il s&rsquo;agit d&rsquo;informations de nature purement technico-informatique (adresse IP, navigateur utilis\u00e9, syst\u00e8me d&rsquo;exploitation, pages du site visit\u00e9es&#8230;) qui sont collect\u00e9es de mani\u00e8re agr\u00e9g\u00e9e et non identifiante (et ne peuvent donc pas \u00eatre associ\u00e9es \u00e0 une personne physique sp\u00e9cifique) \u00e0 des fins statistiques, de bon fonctionnement du site, d&rsquo;identification d&rsquo;anomalies et\/ou d&rsquo;abus dans le respect de la Vie Priv\u00e9e.<\/p>\n<p><strong><br \/>\nDonn\u00e9es fournies directement par l&rsquo;utilisateur<\/strong>Il s&rsquo;agit de toutes les informations qui sont express\u00e9ment et librement saisies par l&rsquo;utilisateur en remplissant un formulaire de demande d&rsquo;informations sur les services offerts, qui sont collect\u00e9es et trait\u00e9es conform\u00e9ment \u00e0 la loi sur la protection de la vie priv\u00e9e.<strong><\/strong><\/p>\n<p>C<strong>ookies<\/strong> Les cookies sont de petites cha\u00eenes de texte stock\u00e9es dans l&rsquo;appareil de l&rsquo;utilisateur lorsqu&rsquo;il navigue sur le site. Leur collecte, r\u00e9glement\u00e9e par la loi sur la protection de la vie priv\u00e9e, sert \u00e0 optimiser l&rsquo;exp\u00e9rience de l&rsquo;utilisateur, \u00e0 identifier les erreurs et \u00e0 sugg\u00e9rer des produits ou des contenus connexes lors de la navigation. Les cookies ne contiennent pas d&rsquo;informations personnelles identifiables et ne sont pas nuisibles \u00e0 l&rsquo;appareil.<\/p>\n<\/div><\/div><\/div><\/div><\/div>\n","protected":false},"excerpt":{"rendered":"","protected":false},"author":1,"featured_media":0,"parent":0,"menu_order":0,"comment_status":"closed","ping_status":"open","template":"","meta":{"footnotes":""},"class_list":["post-3727","page","type-page","status-publish","hentry"],"yoast_head":"<!-- This site is optimized with the Yoast SEO plugin v26.1.1 - https:\/\/yoast.com\/wordpress\/plugins\/seo\/ -->\n<title>Vie priv\u00e9e - ICA<\/title>\n<meta name=\"robots\" content=\"index, follow, max-snippet:-1, max-image-preview:large, max-video-preview:-1\" \/>\n<link rel=\"canonical\" href=\"https:\/\/www.icaporteblindate.it\/privacy\/\" \/>\n<meta property=\"og:locale\" content=\"fr_FR\" \/>\n<meta property=\"og:type\" content=\"article\" \/>\n<meta property=\"og:title\" content=\"Vie priv\u00e9e - ICA\" \/>\n<meta property=\"og:url\" content=\"https:\/\/www.icaporteblindate.it\/privacy\/\" \/>\n<meta property=\"og:site_name\" content=\"ICA\" \/>\n<meta property=\"article:modified_time\" content=\"2025-01-21T09:54:18+00:00\" \/>\n<meta name=\"twitter:card\" content=\"summary_large_image\" \/>\n<meta name=\"twitter:label1\" content=\"Dur\u00e9e de lecture estim\u00e9e\" \/>\n\t<meta name=\"twitter:data1\" content=\"4 minutes\" \/>\n<script type=\"application\/ld+json\" class=\"yoast-schema-graph\">{\"@context\":\"https:\/\/schema.org\",\"@graph\":[{\"@type\":\"WebPage\",\"@id\":\"https:\/\/www.icaporteblindate.it\/privacy\/\",\"url\":\"https:\/\/www.icaporteblindate.it\/privacy\/\",\"name\":\"Vie priv\u00e9e - ICA\",\"isPartOf\":{\"@id\":\"https:\/\/www.icaporteblindate.it\/#website\"},\"datePublished\":\"2024-12-11T09:51:44+00:00\",\"dateModified\":\"2025-01-21T09:54:18+00:00\",\"breadcrumb\":{\"@id\":\"https:\/\/www.icaporteblindate.it\/privacy\/#breadcrumb\"},\"inLanguage\":\"fr-FR\",\"potentialAction\":[{\"@type\":\"ReadAction\",\"target\":[\"https:\/\/www.icaporteblindate.it\/privacy\/\"]}]},{\"@type\":\"BreadcrumbList\",\"@id\":\"https:\/\/www.icaporteblindate.it\/privacy\/#breadcrumb\",\"itemListElement\":[{\"@type\":\"ListItem\",\"position\":1,\"name\":\"Home\",\"item\":\"https:\/\/www.icaporteblindate.it\/fr\/\"},{\"@type\":\"ListItem\",\"position\":2,\"name\":\"Vie priv\u00e9e\"}]},{\"@type\":\"WebSite\",\"@id\":\"https:\/\/www.icaporteblindate.it\/#website\",\"url\":\"https:\/\/www.icaporteblindate.it\/\",\"name\":\"ICA\",\"description\":\"Porte blindate\",\"publisher\":{\"@id\":\"https:\/\/www.icaporteblindate.it\/#organization\"},\"potentialAction\":[{\"@type\":\"SearchAction\",\"target\":{\"@type\":\"EntryPoint\",\"urlTemplate\":\"https:\/\/www.icaporteblindate.it\/?s={search_term_string}\"},\"query-input\":{\"@type\":\"PropertyValueSpecification\",\"valueRequired\":true,\"valueName\":\"search_term_string\"}}],\"inLanguage\":\"fr-FR\"},{\"@type\":\"Organization\",\"@id\":\"https:\/\/www.icaporteblindate.it\/#organization\",\"name\":\"ICA\",\"url\":\"https:\/\/www.icaporteblindate.it\/\",\"logo\":{\"@type\":\"ImageObject\",\"inLanguage\":\"fr-FR\",\"@id\":\"https:\/\/www.icaporteblindate.it\/#\/schema\/logo\/image\/\",\"url\":\"https:\/\/www.icaporteblindate.it\/wp-content\/uploads\/2025\/10\/logo-positivo.webp\",\"contentUrl\":\"https:\/\/www.icaporteblindate.it\/wp-content\/uploads\/2025\/10\/logo-positivo.webp\",\"width\":321,\"height\":136,\"caption\":\"ICA\"},\"image\":{\"@id\":\"https:\/\/www.icaporteblindate.it\/#\/schema\/logo\/image\/\"}}]}<\/script>\n<!-- \/ Yoast SEO plugin. -->","yoast_head_json":{"title":"Vie priv\u00e9e - ICA","robots":{"index":"index","follow":"follow","max-snippet":"max-snippet:-1","max-image-preview":"max-image-preview:large","max-video-preview":"max-video-preview:-1"},"canonical":"https:\/\/www.icaporteblindate.it\/privacy\/","og_locale":"fr_FR","og_type":"article","og_title":"Vie priv\u00e9e - ICA","og_url":"https:\/\/www.icaporteblindate.it\/privacy\/","og_site_name":"ICA","article_modified_time":"2025-01-21T09:54:18+00:00","twitter_card":"summary_large_image","twitter_misc":{"Dur\u00e9e de lecture estim\u00e9e":"4 minutes"},"schema":{"@context":"https:\/\/schema.org","@graph":[{"@type":"WebPage","@id":"https:\/\/www.icaporteblindate.it\/privacy\/","url":"https:\/\/www.icaporteblindate.it\/privacy\/","name":"Vie priv\u00e9e - ICA","isPartOf":{"@id":"https:\/\/www.icaporteblindate.it\/#website"},"datePublished":"2024-12-11T09:51:44+00:00","dateModified":"2025-01-21T09:54:18+00:00","breadcrumb":{"@id":"https:\/\/www.icaporteblindate.it\/privacy\/#breadcrumb"},"inLanguage":"fr-FR","potentialAction":[{"@type":"ReadAction","target":["https:\/\/www.icaporteblindate.it\/privacy\/"]}]},{"@type":"BreadcrumbList","@id":"https:\/\/www.icaporteblindate.it\/privacy\/#breadcrumb","itemListElement":[{"@type":"ListItem","position":1,"name":"Home","item":"https:\/\/www.icaporteblindate.it\/fr\/"},{"@type":"ListItem","position":2,"name":"Vie priv\u00e9e"}]},{"@type":"WebSite","@id":"https:\/\/www.icaporteblindate.it\/#website","url":"https:\/\/www.icaporteblindate.it\/","name":"ICA","description":"Porte blindate","publisher":{"@id":"https:\/\/www.icaporteblindate.it\/#organization"},"potentialAction":[{"@type":"SearchAction","target":{"@type":"EntryPoint","urlTemplate":"https:\/\/www.icaporteblindate.it\/?s={search_term_string}"},"query-input":{"@type":"PropertyValueSpecification","valueRequired":true,"valueName":"search_term_string"}}],"inLanguage":"fr-FR"},{"@type":"Organization","@id":"https:\/\/www.icaporteblindate.it\/#organization","name":"ICA","url":"https:\/\/www.icaporteblindate.it\/","logo":{"@type":"ImageObject","inLanguage":"fr-FR","@id":"https:\/\/www.icaporteblindate.it\/#\/schema\/logo\/image\/","url":"https:\/\/www.icaporteblindate.it\/wp-content\/uploads\/2025\/10\/logo-positivo.webp","contentUrl":"https:\/\/www.icaporteblindate.it\/wp-content\/uploads\/2025\/10\/logo-positivo.webp","width":321,"height":136,"caption":"ICA"},"image":{"@id":"https:\/\/www.icaporteblindate.it\/#\/schema\/logo\/image\/"}}]}},"_links":{"self":[{"href":"https:\/\/www.icaporteblindate.it\/fr\/wp-json\/wp\/v2\/pages\/3727","targetHints":{"allow":["GET"]}}],"collection":[{"href":"https:\/\/www.icaporteblindate.it\/fr\/wp-json\/wp\/v2\/pages"}],"about":[{"href":"https:\/\/www.icaporteblindate.it\/fr\/wp-json\/wp\/v2\/types\/page"}],"author":[{"embeddable":true,"href":"https:\/\/www.icaporteblindate.it\/fr\/wp-json\/wp\/v2\/users\/1"}],"replies":[{"embeddable":true,"href":"https:\/\/www.icaporteblindate.it\/fr\/wp-json\/wp\/v2\/comments?post=3727"}],"version-history":[{"count":2,"href":"https:\/\/www.icaporteblindate.it\/fr\/wp-json\/wp\/v2\/pages\/3727\/revisions"}],"predecessor-version":[{"id":3731,"href":"https:\/\/www.icaporteblindate.it\/fr\/wp-json\/wp\/v2\/pages\/3727\/revisions\/3731"}],"wp:attachment":[{"href":"https:\/\/www.icaporteblindate.it\/fr\/wp-json\/wp\/v2\/media?parent=3727"}],"curies":[{"name":"wp","href":"https:\/\/api.w.org\/{rel}","templated":true}]}}