{"id":3665,"date":"2024-12-19T17:03:51","date_gmt":"2024-12-19T16:03:51","guid":{"rendered":"https:\/\/www.icaporteblindate.it\/magazine\/"},"modified":"2025-01-21T10:54:12","modified_gmt":"2025-01-21T09:54:12","slug":"magazine","status":"publish","type":"page","link":"https:\/\/www.icaporteblindate.it\/fr\/magazine\/","title":{"rendered":"Magazine"},"content":{"rendered":"<div class=\"fusion-fullwidth fullwidth-box fusion-builder-row-1 fusion-flex-container has-pattern-background has-mask-background fusion-parallax-fixed nonhundred-percent-fullwidth non-hundred-percent-height-scrolling\" style=\"--awb-background-position:right center;--awb-border-radius-top-left:0px;--awb-border-radius-top-right:0px;--awb-border-radius-bottom-right:0px;--awb-border-radius-bottom-left:0px;--awb-padding-bottom:5%;--awb-background-color:var(--awb-custom_color_10);--awb-background-image:url(&quot;https:\/\/www.icaporteblindate.it\/wp-content\/uploads\/2024\/12\/ICA-outline.svg&quot;);--awb-background-size:200px;--awb-flex-wrap:wrap;background-attachment:fixed;\" ><div class=\"fusion-builder-row fusion-row fusion-flex-align-items-center fusion-flex-justify-content-center fusion-flex-content-wrap\" style=\"max-width:1456px;margin-left: calc(-4% \/ 2 );margin-right: calc(-4% \/ 2 );\"><div class=\"fusion-layout-column fusion_builder_column fusion-builder-column-0 fusion_builder_column_4_5 4_5 fusion-flex-column\" style=\"--awb-bg-size:cover;--awb-width-large:80%;--awb-margin-top-large:0px;--awb-spacing-right-large:2.4%;--awb-margin-bottom-large:20px;--awb-spacing-left-large:2.4%;--awb-width-medium:80%;--awb-order-medium:0;--awb-spacing-right-medium:2.4%;--awb-spacing-left-medium:2.4%;--awb-width-small:100%;--awb-order-small:0;--awb-spacing-right-small:1.92%;--awb-spacing-left-small:1.92%;\" data-scroll-devices=\"small-visibility,medium-visibility,large-visibility\"><div class=\"fusion-column-wrapper fusion-column-has-shadow fusion-flex-justify-content-center fusion-content-layout-column\"><div class=\"fusion-text fusion-text-1 fusion-text-no-margin\" style=\"--awb-content-alignment:justify;--awb-text-color:var(--awb-color1);--awb-margin-bottom:8%;\"><p>Bienvenue dans la section Magazine de l&rsquo;ICA Porte Blindate, le point de r\u00e9f\u00e9rence pour toutes les nouvelles et mises \u00e0 jour sur le monde de la s\u00e9curit\u00e9 et du design. Dans cette section, vous en apprendrez davantage sur la personnalisation, la durabilit\u00e9 et les nouvelles tendances en mati\u00e8re d&rsquo;am\u00e9nagement int\u00e9rieur. En outre, nous vous tiendrons au courant des \u00e9v\u00e9nements et initiatives les plus int\u00e9ressants dans lesquels l&rsquo;ACI est impliqu\u00e9e.<\/p>\n<\/div><\/div><\/div><div class=\"fusion-layout-column fusion_builder_column fusion-builder-column-1 fusion_builder_column_1_1 1_1 fusion-flex-column fusion-animated\" style=\"--awb-bg-size:cover;--awb-width-large:100%;--awb-margin-top-large:0px;--awb-spacing-right-large:1.92%;--awb-margin-bottom-large:20px;--awb-spacing-left-large:1.92%;--awb-width-medium:100%;--awb-order-medium:0;--awb-spacing-right-medium:1.92%;--awb-spacing-left-medium:1.92%;--awb-width-small:100%;--awb-order-small:0;--awb-spacing-right-small:1.92%;--awb-spacing-left-small:1.92%;\" data-animationType=\"fadeInUp\" data-animationDuration=\"1.0\" data-animationOffset=\"top-into-view\" data-scroll-devices=\"small-visibility,medium-visibility,large-visibility\"><div class=\"fusion-column-wrapper fusion-column-has-shadow fusion-flex-justify-content-flex-start fusion-content-layout-column\"><div class=\"fusion-blog-shortcode fusion-blog-shortcode-1 fusion-blog-archive fusion-blog-layout-timeline-wrapper fusion-blog-infinite\"><div class=\"fusion-posts-container fusion-posts-container-infinite\" data-pages=\"1\"><div class=\"fusion-timeline-icon\"><i class=\"awb-icon-bubbles\" style=\"color:var(--awb-color3);\" aria-hidden=\"true\"><\/i><\/div><div class=\"fusion-blog-layout-timeline fusion-clearfix\"><div class=\"fusion-timeline-line\" style=\"border-left:1px solid var(--awb-color3);border-right:1px solid var(--awb-color3);\"><\/div><h3 class=\"fusion-timeline-date\" style=\"background-color:var(--awb-color3);\">d\u00e9cembre 2024<\/h3><div class=\"fusion-collapse-month\"><article id=\"blog-1-post-3788\" style=\"border-color:var(--awb-color3);\" class=\"fusion-post-timeline fusion-clearfix fusion-left-column post-3788 post type-post status-publish format-standard has-post-thumbnail hentry category-nouvelles\">\n<div class=\"fusion-post-wrapper\" style=\"background-color:var(--awb-color1);\">\n\n\t\t\t<div class=\"fusion-flexslider flexslider fusion-flexslider-loading fusion-post-slideshow\" style=\"border-color:var(--awb-color3);\">\n\t\t<ul class=\"slides\">\n\t\t\t\n\t\t\t\t\t\t\t\t\t\t\t\t\t\t<li><div  class=\"fusion-image-wrapper\" aria-haspopup=\"true\">\n\t\t\t\t\t\t\t<a href=\"https:\/\/www.icaporteblindate.it\/fr\/nouvelles\/comment-choisir-la-bonne-porte-de-securite-pour-votre-maison\/\" aria-label=\"Comment choisir la bonne porte de s\u00e9curit\u00e9 pour votre maison ?\">\n\t\t\t\t\t\t\t<img decoding=\"async\" width=\"1000\" height=\"700\" src=\"https:\/\/www.icaporteblindate.it\/wp-content\/uploads\/2024\/11\/articolo-2.webp\" class=\"attachment-full size-full wp-post-image\" alt=\"\" srcset=\"https:\/\/www.icaporteblindate.it\/wp-content\/uploads\/2024\/11\/articolo-2-200x140.webp 200w, https:\/\/www.icaporteblindate.it\/wp-content\/uploads\/2024\/11\/articolo-2-300x210.webp 300w, https:\/\/www.icaporteblindate.it\/wp-content\/uploads\/2024\/11\/articolo-2-400x280.webp 400w, https:\/\/www.icaporteblindate.it\/wp-content\/uploads\/2024\/11\/articolo-2-600x420.webp 600w, https:\/\/www.icaporteblindate.it\/wp-content\/uploads\/2024\/11\/articolo-2-768x538.webp 768w, https:\/\/www.icaporteblindate.it\/wp-content\/uploads\/2024\/11\/articolo-2-800x560.webp 800w, https:\/\/www.icaporteblindate.it\/wp-content\/uploads\/2024\/11\/articolo-2.webp 1000w\" sizes=\"(max-width: 640px) 100vw, 40vw\" \/>\t\t\t<\/a>\n\t\t\t\t\t\t\t<\/div>\n<\/li>\n\t\t\t\n\t\t\t\n\t\t\t\t\t\t\t\t\t\t\t\t\t\t\t\t\t\t\t\t\t\t\t\t\t\t\t\t\t\t\t\t\t\t\t\t\t\t\t\t\t\t\t\t\t\t\t\t\t\t\t\t\t\t\t\t\t\t\t\t\t\t\t\t\t\t\t\t<\/ul>\n\t<\/div>\n\t<div class=\"fusion-post-content-wrapper\" style=\"padding:30px 25px 25px 25px;\"><div class=\"fusion-post-content post-content\"><div class=\"fusion-timeline-circle\" style=\"background-color:var(--awb-color3);\"><\/div><div class=\"fusion-timeline-arrow\" style=\"color:var(--awb-color3);\"><\/div><h2 class=\"blog-shortcode-post-title entry-title\">Comment choisir la bonne porte de s\u00e9curit\u00e9 pour votre maison ?<\/h2><p class=\"fusion-single-line-meta\">By <span class=\"vcard\"><span class=\"fn\"><a href=\"https:\/\/www.icaporteblindate.it\/fr\/author\/admin\/\" title=\"Articles par admin\" rel=\"author\">admin<\/a><\/span><\/span><span class=\"fusion-inline-sep\">|<\/span><span class=\"updated\" style=\"display:none;\">2025-01-21T11:31:51+01:00<\/span><span>19 d\u00e9cembre 2024<\/span><span class=\"fusion-inline-sep\">|<\/span>Categories: <a href=\"https:\/\/www.icaporteblindate.it\/fr\/category\/nouvelles\/\" rel=\"category tag\">Nouvelles<\/a><span class=\"fusion-inline-sep\">|<\/span><\/p><div class=\"fusion-content-sep sep-single sep-solid\"><\/div><div class=\"fusion-post-content-container\"><p>Les portes blind\u00e9es sont un \u00e9l\u00e9ment cl\u00e9 de la protection...<\/p><\/div><\/div><div class=\"fusion-meta-info\"><div class=\"fusion-alignleft\"><a class=\"fusion-read-more\" href=\"https:\/\/www.icaporteblindate.it\/fr\/nouvelles\/comment-choisir-la-bonne-porte-de-securite-pour-votre-maison\/\" aria-label=\"More on Comment choisir la bonne porte de s\u00e9curit\u00e9 pour votre maison ?\">Read More<\/a><\/div><div class=\"fusion-alignright\"><span>Commentaires ferm\u00e9s<span class=\"screen-reader-text\"> sur Comment choisir la bonne porte de s\u00e9curit\u00e9 pour votre maison ?<\/span><\/span><\/div><\/div><\/div><div class=\"fusion-clearfix\"><\/div><\/div>\n<\/article>\n<article id=\"blog-1-post-3790\" style=\"border-color:var(--awb-color3);\" class=\"fusion-post-timeline fusion-clearfix fusion-right-column post-3790 post type-post status-publish format-standard has-post-thumbnail hentry category-nouvelles\">\n<div class=\"fusion-post-wrapper\" style=\"background-color:var(--awb-color1);\">\n\n\t\t\t<div class=\"fusion-flexslider flexslider fusion-flexslider-loading fusion-post-slideshow\" style=\"border-color:var(--awb-color3);\">\n\t\t<ul class=\"slides\">\n\t\t\t\n\t\t\t\t\t\t\t\t\t\t\t\t\t\t<li><div  class=\"fusion-image-wrapper\" aria-haspopup=\"true\">\n\t\t\t\t\t\t\t<a href=\"https:\/\/www.icaporteblindate.it\/fr\/nouvelles\/avantages-des-portes-de-securite-ica-pour-la-securite-de-votre-maison\/\" aria-label=\"Avantages des portes de s\u00e9curit\u00e9 ICA pour la s\u00e9curit\u00e9 de votre maison\">\n\t\t\t\t\t\t\t<img decoding=\"async\" width=\"1000\" height=\"700\" src=\"https:\/\/www.icaporteblindate.it\/wp-content\/uploads\/2024\/12\/articolo-1.webp\" class=\"attachment-full size-full wp-post-image\" alt=\"\" srcset=\"https:\/\/www.icaporteblindate.it\/wp-content\/uploads\/2024\/12\/articolo-1-200x140.webp 200w, https:\/\/www.icaporteblindate.it\/wp-content\/uploads\/2024\/12\/articolo-1-300x210.webp 300w, https:\/\/www.icaporteblindate.it\/wp-content\/uploads\/2024\/12\/articolo-1-400x280.webp 400w, https:\/\/www.icaporteblindate.it\/wp-content\/uploads\/2024\/12\/articolo-1-600x420.webp 600w, https:\/\/www.icaporteblindate.it\/wp-content\/uploads\/2024\/12\/articolo-1-768x538.webp 768w, https:\/\/www.icaporteblindate.it\/wp-content\/uploads\/2024\/12\/articolo-1-800x560.webp 800w, https:\/\/www.icaporteblindate.it\/wp-content\/uploads\/2024\/12\/articolo-1.webp 1000w\" sizes=\"(max-width: 640px) 100vw, 40vw\" \/>\t\t\t<\/a>\n\t\t\t\t\t\t\t<\/div>\n<\/li>\n\t\t\t\n\t\t\t\n\t\t\t\t\t\t\t\t\t\t\t\t\t\t\t\t\t\t\t\t\t\t\t\t\t\t\t\t\t\t\t\t\t\t\t\t\t\t\t\t\t\t\t\t\t\t\t\t\t\t\t\t\t\t\t\t\t\t\t\t\t\t\t\t\t\t\t\t<\/ul>\n\t<\/div>\n\t<div class=\"fusion-post-content-wrapper\" style=\"padding:30px 25px 25px 25px;\"><div class=\"fusion-post-content post-content\"><div class=\"fusion-timeline-circle\" style=\"background-color:var(--awb-color3);\"><\/div><div class=\"fusion-timeline-arrow\" style=\"color:var(--awb-color3);\"><\/div><h2 class=\"blog-shortcode-post-title entry-title\">Avantages des portes de s\u00e9curit\u00e9 ICA pour la s\u00e9curit\u00e9 de votre maison<\/h2><p class=\"fusion-single-line-meta\">By <span class=\"vcard\"><span class=\"fn\"><a href=\"https:\/\/www.icaporteblindate.it\/fr\/author\/admin\/\" title=\"Articles par admin\" rel=\"author\">admin<\/a><\/span><\/span><span class=\"fusion-inline-sep\">|<\/span><span class=\"updated\" style=\"display:none;\">2025-01-21T11:31:51+01:00<\/span><span>19 d\u00e9cembre 2024<\/span><span class=\"fusion-inline-sep\">|<\/span>Categories: <a href=\"https:\/\/www.icaporteblindate.it\/fr\/category\/nouvelles\/\" rel=\"category tag\">Nouvelles<\/a><span class=\"fusion-inline-sep\">|<\/span><\/p><div class=\"fusion-content-sep sep-single sep-solid\"><\/div><div class=\"fusion-post-content-container\"><p>Les portes blind\u00e9es sont un \u00e9l\u00e9ment cl\u00e9 de la protection...<\/p><\/div><\/div><div class=\"fusion-meta-info\"><div class=\"fusion-alignleft\"><a class=\"fusion-read-more\" href=\"https:\/\/www.icaporteblindate.it\/fr\/nouvelles\/avantages-des-portes-de-securite-ica-pour-la-securite-de-votre-maison\/\" aria-label=\"More on Avantages des portes de s\u00e9curit\u00e9 ICA pour la s\u00e9curit\u00e9 de votre maison\">Read More<\/a><\/div><div class=\"fusion-alignright\"><span>Commentaires ferm\u00e9s<span class=\"screen-reader-text\"> sur Avantages des portes de s\u00e9curit\u00e9 ICA pour la s\u00e9curit\u00e9 de votre maison<\/span><\/span><\/div><\/div><\/div><div class=\"fusion-clearfix\"><\/div><\/div>\n<\/article>\n<\/div><h3 class=\"fusion-timeline-date\" style=\"background-color:var(--awb-color3);\">novembre 2024<\/h3><div class=\"fusion-collapse-month\"><article id=\"blog-1-post-3796\" style=\"border-color:var(--awb-color3);\" class=\"fusion-post-timeline fusion-clearfix fusion-left-column post-3796 post type-post status-publish format-standard has-post-thumbnail hentry category-nouvelles\">\n<div class=\"fusion-post-wrapper\" style=\"background-color:var(--awb-color1);\">\n\n\t\t\t<div class=\"fusion-flexslider flexslider fusion-flexslider-loading fusion-post-slideshow\" style=\"border-color:var(--awb-color3);\">\n\t\t<ul class=\"slides\">\n\t\t\t\n\t\t\t\t\t\t\t\t\t\t\t\t\t\t<li><div  class=\"fusion-image-wrapper\" aria-haspopup=\"true\">\n\t\t\t\t\t\t\t<a href=\"https:\/\/www.icaporteblindate.it\/fr\/nouvelles\/pourquoi-les-portes-blindees-sont-elles-essentielles-pour-la-securite\/\" aria-label=\"Pourquoi les portes blind\u00e9es sont-elles essentielles pour la s\u00e9curit\u00e9 ?\">\n\t\t\t\t\t\t\t<img decoding=\"async\" width=\"1000\" height=\"700\" src=\"https:\/\/www.icaporteblindate.it\/wp-content\/uploads\/2024\/11\/articolo-3.webp\" class=\"attachment-full size-full wp-post-image\" alt=\"\" srcset=\"https:\/\/www.icaporteblindate.it\/wp-content\/uploads\/2024\/11\/articolo-3-200x140.webp 200w, https:\/\/www.icaporteblindate.it\/wp-content\/uploads\/2024\/11\/articolo-3-300x210.webp 300w, https:\/\/www.icaporteblindate.it\/wp-content\/uploads\/2024\/11\/articolo-3-400x280.webp 400w, https:\/\/www.icaporteblindate.it\/wp-content\/uploads\/2024\/11\/articolo-3-600x420.webp 600w, https:\/\/www.icaporteblindate.it\/wp-content\/uploads\/2024\/11\/articolo-3-768x538.webp 768w, https:\/\/www.icaporteblindate.it\/wp-content\/uploads\/2024\/11\/articolo-3-800x560.webp 800w, https:\/\/www.icaporteblindate.it\/wp-content\/uploads\/2024\/11\/articolo-3.webp 1000w\" sizes=\"(max-width: 640px) 100vw, 40vw\" \/>\t\t\t<\/a>\n\t\t\t\t\t\t\t<\/div>\n<\/li>\n\t\t\t\n\t\t\t\n\t\t\t\t\t\t\t\t\t\t\t\t\t\t\t\t\t\t\t\t\t\t\t\t\t\t\t\t\t\t\t\t\t\t\t\t\t\t\t\t\t\t\t\t\t\t\t\t\t\t\t\t\t\t\t\t\t\t\t\t\t\t\t\t\t\t\t\t<\/ul>\n\t<\/div>\n\t<div class=\"fusion-post-content-wrapper\" style=\"padding:30px 25px 25px 25px;\"><div class=\"fusion-post-content post-content\"><div class=\"fusion-timeline-circle\" style=\"background-color:var(--awb-color3);\"><\/div><div class=\"fusion-timeline-arrow\" style=\"color:var(--awb-color3);\"><\/div><h2 class=\"blog-shortcode-post-title entry-title\">Pourquoi les portes blind\u00e9es sont-elles essentielles pour la s\u00e9curit\u00e9 ?<\/h2><p class=\"fusion-single-line-meta\">By <span class=\"vcard\"><span class=\"fn\"><a href=\"https:\/\/www.icaporteblindate.it\/fr\/author\/admin\/\" title=\"Articles par admin\" rel=\"author\">admin<\/a><\/span><\/span><span class=\"fusion-inline-sep\">|<\/span><span class=\"updated\" style=\"display:none;\">2025-01-21T11:31:52+01:00<\/span><span>19 novembre 2024<\/span><span class=\"fusion-inline-sep\">|<\/span>Categories: <a href=\"https:\/\/www.icaporteblindate.it\/fr\/category\/nouvelles\/\" rel=\"category tag\">Nouvelles<\/a><span class=\"fusion-inline-sep\">|<\/span><\/p><div class=\"fusion-content-sep sep-single sep-solid\"><\/div><div class=\"fusion-post-content-container\"><p>Les portes blind\u00e9es sont un \u00e9l\u00e9ment cl\u00e9 de la protection...<\/p><\/div><\/div><div class=\"fusion-meta-info\"><div class=\"fusion-alignleft\"><a class=\"fusion-read-more\" href=\"https:\/\/www.icaporteblindate.it\/fr\/nouvelles\/pourquoi-les-portes-blindees-sont-elles-essentielles-pour-la-securite\/\" aria-label=\"More on Pourquoi les portes blind\u00e9es sont-elles essentielles pour la s\u00e9curit\u00e9 ?\">Read More<\/a><\/div><div class=\"fusion-alignright\"><span>Commentaires ferm\u00e9s<span class=\"screen-reader-text\"> sur Pourquoi les portes blind\u00e9es sont-elles essentielles pour la s\u00e9curit\u00e9 ?<\/span><\/span><\/div><\/div><\/div><div class=\"fusion-clearfix\"><\/div><\/div>\n<\/article>\n<article id=\"blog-1-post-3779\" style=\"border-color:var(--awb-color3);\" class=\"fusion-post-timeline fusion-clearfix fusion-right-column post-3779 post type-post status-publish format-standard has-post-thumbnail hentry category-nouvelles\">\n<div class=\"fusion-post-wrapper\" style=\"background-color:var(--awb-color1);\">\n\n\t\t\t<div class=\"fusion-flexslider flexslider fusion-flexslider-loading fusion-post-slideshow\" style=\"border-color:var(--awb-color3);\">\n\t\t<ul class=\"slides\">\n\t\t\t\n\t\t\t\t\t\t\t\t\t\t\t\t\t\t<li><div  class=\"fusion-image-wrapper\" aria-haspopup=\"true\">\n\t\t\t\t\t\t\t<a href=\"https:\/\/www.icaporteblindate.it\/fr\/nouvelles\/ica-portes-blindees-securite-et-design-pour-votre-maison-2\/\" aria-label=\"ICA Portes blind\u00e9es : s\u00e9curit\u00e9 et design pour votre maison 2\">\n\t\t\t\t\t\t\t<img decoding=\"async\" width=\"1000\" height=\"700\" src=\"https:\/\/www.icaporteblindate.it\/wp-content\/uploads\/2024\/11\/articolo-4.webp\" class=\"attachment-full size-full wp-post-image\" alt=\"\" srcset=\"https:\/\/www.icaporteblindate.it\/wp-content\/uploads\/2024\/11\/articolo-4-200x140.webp 200w, https:\/\/www.icaporteblindate.it\/wp-content\/uploads\/2024\/11\/articolo-4-300x210.webp 300w, https:\/\/www.icaporteblindate.it\/wp-content\/uploads\/2024\/11\/articolo-4-400x280.webp 400w, https:\/\/www.icaporteblindate.it\/wp-content\/uploads\/2024\/11\/articolo-4-600x420.webp 600w, https:\/\/www.icaporteblindate.it\/wp-content\/uploads\/2024\/11\/articolo-4-768x538.webp 768w, https:\/\/www.icaporteblindate.it\/wp-content\/uploads\/2024\/11\/articolo-4-800x560.webp 800w, https:\/\/www.icaporteblindate.it\/wp-content\/uploads\/2024\/11\/articolo-4.webp 1000w\" sizes=\"(max-width: 640px) 100vw, 40vw\" \/>\t\t\t<\/a>\n\t\t\t\t\t\t\t<\/div>\n<\/li>\n\t\t\t\n\t\t\t\n\t\t\t\t\t\t\t\t\t\t\t\t\t\t\t\t\t\t\t\t\t\t\t\t\t\t\t\t\t\t\t\t\t\t\t\t\t\t\t\t\t\t\t\t\t\t\t\t\t\t\t\t\t\t\t\t\t\t\t\t\t\t\t\t\t\t\t\t<\/ul>\n\t<\/div>\n\t<div class=\"fusion-post-content-wrapper\" style=\"padding:30px 25px 25px 25px;\"><div class=\"fusion-post-content post-content\"><div class=\"fusion-timeline-circle\" style=\"background-color:var(--awb-color3);\"><\/div><div class=\"fusion-timeline-arrow\" style=\"color:var(--awb-color3);\"><\/div><h2 class=\"blog-shortcode-post-title entry-title\">ICA Portes blind\u00e9es : s\u00e9curit\u00e9 et design pour votre maison 2<\/h2><p class=\"fusion-single-line-meta\">By <span class=\"vcard\"><span class=\"fn\"><a href=\"https:\/\/www.icaporteblindate.it\/fr\/author\/admin\/\" title=\"Articles par admin\" rel=\"author\">admin<\/a><\/span><\/span><span class=\"fusion-inline-sep\">|<\/span><span class=\"updated\" style=\"display:none;\">2025-01-21T11:31:50+01:00<\/span><span>19 novembre 2024<\/span><span class=\"fusion-inline-sep\">|<\/span>Categories: <a href=\"https:\/\/www.icaporteblindate.it\/fr\/category\/nouvelles\/\" rel=\"category tag\">Nouvelles<\/a><span class=\"fusion-inline-sep\">|<\/span><\/p><div class=\"fusion-content-sep sep-single sep-solid\"><\/div><div class=\"fusion-post-content-container\"><p>Les portes blind\u00e9es sont un \u00e9l\u00e9ment cl\u00e9 de la protection...<\/p><\/div><\/div><div class=\"fusion-meta-info\"><div class=\"fusion-alignleft\"><a class=\"fusion-read-more\" href=\"https:\/\/www.icaporteblindate.it\/fr\/nouvelles\/ica-portes-blindees-securite-et-design-pour-votre-maison-2\/\" aria-label=\"More on ICA Portes blind\u00e9es : s\u00e9curit\u00e9 et design pour votre maison 2\">Read More<\/a><\/div><div class=\"fusion-alignright\"><span>Commentaires ferm\u00e9s<span class=\"screen-reader-text\"> sur ICA Portes blind\u00e9es : s\u00e9curit\u00e9 et design pour votre maison 2<\/span><\/span><\/div><\/div><\/div><div class=\"fusion-clearfix\"><\/div><\/div>\n<\/article>\n<\/div><\/div><\/div><\/div><\/div><\/div><\/div><\/div>\n","protected":false},"excerpt":{"rendered":"","protected":false},"author":1,"featured_media":0,"parent":0,"menu_order":0,"comment_status":"closed","ping_status":"closed","template":"100-width.php","meta":{"footnotes":""},"class_list":["post-3665","page","type-page","status-publish","hentry"],"yoast_head":"<!-- This site is optimized with the Yoast SEO plugin v26.1.1 - https:\/\/yoast.com\/wordpress\/plugins\/seo\/ -->\n<title>Magazine - ICA<\/title>\n<meta name=\"robots\" content=\"index, follow, max-snippet:-1, max-image-preview:large, max-video-preview:-1\" \/>\n<link rel=\"canonical\" href=\"https:\/\/www.icaporteblindate.it\/magazine\/\" \/>\n<meta property=\"og:locale\" content=\"fr_FR\" \/>\n<meta property=\"og:type\" content=\"article\" \/>\n<meta property=\"og:title\" content=\"Magazine - ICA\" \/>\n<meta property=\"og:url\" content=\"https:\/\/www.icaporteblindate.it\/magazine\/\" \/>\n<meta property=\"og:site_name\" content=\"ICA\" \/>\n<meta property=\"article:modified_time\" content=\"2025-01-21T09:54:12+00:00\" \/>\n<meta name=\"twitter:card\" content=\"summary_large_image\" \/>\n<meta name=\"twitter:label1\" content=\"Dur\u00e9e de lecture estim\u00e9e\" \/>\n\t<meta name=\"twitter:data1\" content=\"10 minutes\" \/>\n<script type=\"application\/ld+json\" class=\"yoast-schema-graph\">{\"@context\":\"https:\/\/schema.org\",\"@graph\":[{\"@type\":\"WebPage\",\"@id\":\"https:\/\/www.icaporteblindate.it\/magazine\/\",\"url\":\"https:\/\/www.icaporteblindate.it\/magazine\/\",\"name\":\"Magazine - ICA\",\"isPartOf\":{\"@id\":\"https:\/\/www.icaporteblindate.it\/#website\"},\"datePublished\":\"2024-12-19T16:03:51+00:00\",\"dateModified\":\"2025-01-21T09:54:12+00:00\",\"breadcrumb\":{\"@id\":\"https:\/\/www.icaporteblindate.it\/magazine\/#breadcrumb\"},\"inLanguage\":\"fr-FR\",\"potentialAction\":[{\"@type\":\"ReadAction\",\"target\":[\"https:\/\/www.icaporteblindate.it\/magazine\/\"]}]},{\"@type\":\"BreadcrumbList\",\"@id\":\"https:\/\/www.icaporteblindate.it\/magazine\/#breadcrumb\",\"itemListElement\":[{\"@type\":\"ListItem\",\"position\":1,\"name\":\"Home\",\"item\":\"https:\/\/www.icaporteblindate.it\/fr\/\"},{\"@type\":\"ListItem\",\"position\":2,\"name\":\"Magazine\"}]},{\"@type\":\"WebSite\",\"@id\":\"https:\/\/www.icaporteblindate.it\/#website\",\"url\":\"https:\/\/www.icaporteblindate.it\/\",\"name\":\"ICA\",\"description\":\"Porte blindate\",\"publisher\":{\"@id\":\"https:\/\/www.icaporteblindate.it\/#organization\"},\"potentialAction\":[{\"@type\":\"SearchAction\",\"target\":{\"@type\":\"EntryPoint\",\"urlTemplate\":\"https:\/\/www.icaporteblindate.it\/?s={search_term_string}\"},\"query-input\":{\"@type\":\"PropertyValueSpecification\",\"valueRequired\":true,\"valueName\":\"search_term_string\"}}],\"inLanguage\":\"fr-FR\"},{\"@type\":\"Organization\",\"@id\":\"https:\/\/www.icaporteblindate.it\/#organization\",\"name\":\"ICA\",\"url\":\"https:\/\/www.icaporteblindate.it\/\",\"logo\":{\"@type\":\"ImageObject\",\"inLanguage\":\"fr-FR\",\"@id\":\"https:\/\/www.icaporteblindate.it\/#\/schema\/logo\/image\/\",\"url\":\"https:\/\/www.icaporteblindate.it\/wp-content\/uploads\/2025\/10\/logo-positivo.webp\",\"contentUrl\":\"https:\/\/www.icaporteblindate.it\/wp-content\/uploads\/2025\/10\/logo-positivo.webp\",\"width\":321,\"height\":136,\"caption\":\"ICA\"},\"image\":{\"@id\":\"https:\/\/www.icaporteblindate.it\/#\/schema\/logo\/image\/\"}}]}<\/script>\n<!-- \/ Yoast SEO plugin. -->","yoast_head_json":{"title":"Magazine - ICA","robots":{"index":"index","follow":"follow","max-snippet":"max-snippet:-1","max-image-preview":"max-image-preview:large","max-video-preview":"max-video-preview:-1"},"canonical":"https:\/\/www.icaporteblindate.it\/magazine\/","og_locale":"fr_FR","og_type":"article","og_title":"Magazine - ICA","og_url":"https:\/\/www.icaporteblindate.it\/magazine\/","og_site_name":"ICA","article_modified_time":"2025-01-21T09:54:12+00:00","twitter_card":"summary_large_image","twitter_misc":{"Dur\u00e9e de lecture estim\u00e9e":"10 minutes"},"schema":{"@context":"https:\/\/schema.org","@graph":[{"@type":"WebPage","@id":"https:\/\/www.icaporteblindate.it\/magazine\/","url":"https:\/\/www.icaporteblindate.it\/magazine\/","name":"Magazine - ICA","isPartOf":{"@id":"https:\/\/www.icaporteblindate.it\/#website"},"datePublished":"2024-12-19T16:03:51+00:00","dateModified":"2025-01-21T09:54:12+00:00","breadcrumb":{"@id":"https:\/\/www.icaporteblindate.it\/magazine\/#breadcrumb"},"inLanguage":"fr-FR","potentialAction":[{"@type":"ReadAction","target":["https:\/\/www.icaporteblindate.it\/magazine\/"]}]},{"@type":"BreadcrumbList","@id":"https:\/\/www.icaporteblindate.it\/magazine\/#breadcrumb","itemListElement":[{"@type":"ListItem","position":1,"name":"Home","item":"https:\/\/www.icaporteblindate.it\/fr\/"},{"@type":"ListItem","position":2,"name":"Magazine"}]},{"@type":"WebSite","@id":"https:\/\/www.icaporteblindate.it\/#website","url":"https:\/\/www.icaporteblindate.it\/","name":"ICA","description":"Porte blindate","publisher":{"@id":"https:\/\/www.icaporteblindate.it\/#organization"},"potentialAction":[{"@type":"SearchAction","target":{"@type":"EntryPoint","urlTemplate":"https:\/\/www.icaporteblindate.it\/?s={search_term_string}"},"query-input":{"@type":"PropertyValueSpecification","valueRequired":true,"valueName":"search_term_string"}}],"inLanguage":"fr-FR"},{"@type":"Organization","@id":"https:\/\/www.icaporteblindate.it\/#organization","name":"ICA","url":"https:\/\/www.icaporteblindate.it\/","logo":{"@type":"ImageObject","inLanguage":"fr-FR","@id":"https:\/\/www.icaporteblindate.it\/#\/schema\/logo\/image\/","url":"https:\/\/www.icaporteblindate.it\/wp-content\/uploads\/2025\/10\/logo-positivo.webp","contentUrl":"https:\/\/www.icaporteblindate.it\/wp-content\/uploads\/2025\/10\/logo-positivo.webp","width":321,"height":136,"caption":"ICA"},"image":{"@id":"https:\/\/www.icaporteblindate.it\/#\/schema\/logo\/image\/"}}]}},"_links":{"self":[{"href":"https:\/\/www.icaporteblindate.it\/fr\/wp-json\/wp\/v2\/pages\/3665","targetHints":{"allow":["GET"]}}],"collection":[{"href":"https:\/\/www.icaporteblindate.it\/fr\/wp-json\/wp\/v2\/pages"}],"about":[{"href":"https:\/\/www.icaporteblindate.it\/fr\/wp-json\/wp\/v2\/types\/page"}],"author":[{"embeddable":true,"href":"https:\/\/www.icaporteblindate.it\/fr\/wp-json\/wp\/v2\/users\/1"}],"replies":[{"embeddable":true,"href":"https:\/\/www.icaporteblindate.it\/fr\/wp-json\/wp\/v2\/comments?post=3665"}],"version-history":[{"count":2,"href":"https:\/\/www.icaporteblindate.it\/fr\/wp-json\/wp\/v2\/pages\/3665\/revisions"}],"predecessor-version":[{"id":3671,"href":"https:\/\/www.icaporteblindate.it\/fr\/wp-json\/wp\/v2\/pages\/3665\/revisions\/3671"}],"wp:attachment":[{"href":"https:\/\/www.icaporteblindate.it\/fr\/wp-json\/wp\/v2\/media?parent=3665"}],"curies":[{"name":"wp","href":"https:\/\/api.w.org\/{rel}","templated":true}]}}